{"id":188393,"date":"2023-04-19T13:55:50","date_gmt":"2023-04-19T13:55:50","guid":{"rendered":"https:\/\/sagittarius-one.com\/?post_type=product&#038;p=188393"},"modified":"2023-07-27T12:46:12","modified_gmt":"2023-07-27T12:46:12","slug":"sagittarius-one-270s1-handdoekrek-70cm-chroom","status":"publish","type":"product","link":"https:\/\/sagittarius-one.com\/it\/prodotto\/sagittarius-one-270s1-handdoekrek-70cm-chroom\/","title":{"rendered":"Sagittarius One 270S1 Porta Asciugamani Bagno da Parete 70cm"},"content":{"rendered":"<p>Noi di Sagittarius One siamo sinonimo di alta qualit\u00e0.<br \/>\nLa nostra visione \u00e8 che dei disegni moderni e un\u2019altissima qualit\u00e0 cambieranno il mondo dei sanitari. Il Portasciugamani Sagittarius One 270S1 incarna questa visione.<\/p>\n<p>Un prodotto di grande qualit\u00e0 e bellissimo da vedere. Questo \u00e8 possibile anche grazie anche all\u2019ottone di eccezionale qualit\u00e0, perfettamente cromato. Di meno, noi non ci accontentiamo! Cercheremo sempre di ottenere l\u2019alta qualit\u00e0 che ci caratterizza. Per seguire la nostra visione, il nostro prodotto ha un disegno semplice e moderno con il quale rivoluzioneremo il mondo dei sanitari! Questo prodotto non pu\u00f2 mancare nel vostro bagno!<br \/>\nIl Portasciugamani Sagittarius One 270S1 ha un disegno moderno e inoltre \u00e8 stato progettato in modo da essere robusto e resistente. Il portasciugamani \u00e8 pesante. Questo avviene perch\u00e9 abbiamo scelto di usare l\u2019ottone come materiale di base. Cos\u00ec \u00e8 possibile appendere anche asciugamani pesanti! Il portasciugamani di ottone \u00e8 dotato di uno speciale rivestimento cromato per ottenere una splendida rifinitura brillante che durer\u00e0 molto a lungo. <\/p>\n<p>Il disegno elegante e contemporaneo permette di usare il Portasciugamani 270S1 in diversi punti della vostra casa. Come supporto per asciugamano da bagno o come barra porta asciugamano da cucina oppure come barra per asciugamani pi\u00f9 piccoli.<br \/>\nIl sistema di montaggio \u00e8 progettato in modo intelligente e bastano quattro viti per fissare alla parete il supporto e installare il portasciugamani 270S1. Dopo l\u2019installazione, le viti sono invisibili. Le viti e i tasselli sono inclusi.<br \/>\nNon dimenticatevi di dare un\u2019occhiata agli altri accessori bagno proposti da Sagittarius One!<\/p>\n<p>Dimensioni del prodotto (L x P x A) (700 x 85 x 50) mm &#038; (27.56\u201d x 3.35\u201d x 1.97\u201d) pollici.<\/p>\n","protected":false},"excerpt":{"rendered":"<p>Noi di Sagittarius One siamo sinonimo di alta qualit\u00e0. La nostra visione \u00e8 che dei disegni moderni e un\u2019altissima qualit\u00e0 cambieranno il mondo dei sanitari. Il Portasciugamani Sagittarius One 270S1 incarna questa visione. Un prodotto di grande qualit\u00e0 e bellissimo da vedere. Questo \u00e8 possibile anche grazie anche all\u2019ottone di eccezionale qualit\u00e0, perfettamente cromato. Di [&hellip;]<\/p>\n","protected":false},"featured_media":20292,"comment_status":"closed","ping_status":"closed","template":"","meta":{"_acf_changed":false,"site-sidebar-layout":"default","site-content-layout":"default","ast-site-content-layout":"default","site-content-style":"default","site-sidebar-style":"default","ast-global-header-display":"","ast-banner-title-visibility":"","ast-main-header-display":"","ast-hfb-above-header-display":"","ast-hfb-below-header-display":"","ast-hfb-mobile-header-display":"","site-post-title":"","ast-breadcrumbs-content":"","ast-featured-img":"","footer-sml-layout":"","ast-disable-related-posts":"","theme-transparent-header-meta":"default","adv-header-id-meta":"","stick-header-meta":"default","header-above-stick-meta":"","header-main-stick-meta":"","header-below-stick-meta":"","astra-migrate-meta-layouts":"default","ast-page-background-enabled":"default","ast-page-background-meta":{"desktop":{"background-color":"var(--ast-global-color-4)","background-image":"","background-repeat":"repeat","background-position":"center center","background-size":"auto","background-attachment":"scroll","background-type":"","background-media":"","overlay-type":"","overlay-color":"","overlay-opacity":"","overlay-gradient":""},"tablet":{"background-color":"","background-image":"","background-repeat":"repeat","background-position":"center center","background-size":"auto","background-attachment":"scroll","background-type":"","background-media":"","overlay-type":"","overlay-color":"","overlay-opacity":"","overlay-gradient":""},"mobile":{"background-color":"","background-image":"","background-repeat":"repeat","background-position":"center center","background-size":"auto","background-attachment":"scroll","background-type":"","background-media":"","overlay-type":"","overlay-color":"","overlay-opacity":"","overlay-gradient":""}},"ast-content-background-meta":{"desktop":{"background-color":"var(--ast-global-color-5)","background-image":"","background-repeat":"repeat","background-position":"center center","background-size":"auto","background-attachment":"scroll","background-type":"","background-media":"","overlay-type":"","overlay-color":"","overlay-opacity":"","overlay-gradient":""},"tablet":{"background-color":"var(--ast-global-color-5)","background-image":"","background-repeat":"repeat","background-position":"center center","background-size":"auto","background-attachment":"scroll","background-type":"","background-media":"","overlay-type":"","overlay-color":"","overlay-opacity":"","overlay-gradient":""},"mobile":{"background-color":"var(--ast-global-color-5)","background-image":"","background-repeat":"repeat","background-position":"center center","background-size":"auto","background-attachment":"scroll","background-type":"","background-media":"","overlay-type":"","overlay-color":"","overlay-opacity":"","overlay-gradient":""}}},"product_brand":[],"product_cat":[136,170],"product_tag":[117,160],"class_list":{"0":"post-188393","1":"product","2":"type-product","3":"status-publish","4":"has-post-thumbnail","6":"product_cat-acquisti","7":"product_cat-portasciugamani-ganci","8":"product_tag-270s1-serie","9":"product_tag-270s1-serie-it","10":"pa_kleur-cromo-it","11":"desktop-align-left","12":"tablet-align-left","13":"mobile-align-left","14":"ast-product-gallery-layout-horizontal-slider","15":"ast-magnify-disabled","16":"ast-product-tabs-layout-horizontal","18":"first","19":"instock","20":"taxable","21":"shipping-taxable","22":"purchasable","23":"product-type-simple"},"acf":[],"_links":{"self":[{"href":"https:\/\/sagittarius-one.com\/it\/wp-json\/wp\/v2\/product\/188393","targetHints":{"allow":["GET"]}}],"collection":[{"href":"https:\/\/sagittarius-one.com\/it\/wp-json\/wp\/v2\/product"}],"about":[{"href":"https:\/\/sagittarius-one.com\/it\/wp-json\/wp\/v2\/types\/product"}],"replies":[{"embeddable":true,"href":"https:\/\/sagittarius-one.com\/it\/wp-json\/wp\/v2\/comments?post=188393"}],"wp:featuredmedia":[{"embeddable":true,"href":"https:\/\/sagittarius-one.com\/it\/wp-json\/wp\/v2\/media\/20292"}],"wp:attachment":[{"href":"https:\/\/sagittarius-one.com\/it\/wp-json\/wp\/v2\/media?parent=188393"}],"wp:term":[{"taxonomy":"product_brand","embeddable":true,"href":"https:\/\/sagittarius-one.com\/it\/wp-json\/wp\/v2\/product_brand?post=188393"},{"taxonomy":"product_cat","embeddable":true,"href":"https:\/\/sagittarius-one.com\/it\/wp-json\/wp\/v2\/product_cat?post=188393"},{"taxonomy":"product_tag","embeddable":true,"href":"https:\/\/sagittarius-one.com\/it\/wp-json\/wp\/v2\/product_tag?post=188393"}],"curies":[{"name":"wp","href":"https:\/\/api.w.org\/{rel}","templated":true}]}}