{"id":187493,"date":"2023-04-19T13:55:37","date_gmt":"2023-04-19T13:55:37","guid":{"rendered":"https:\/\/sagittarius-one.com\/?post_type=product&#038;p=187493"},"modified":"2023-07-27T12:46:11","modified_gmt":"2023-07-27T12:46:11","slug":"sagittarius-one-32s1-handdoekhaakjes-zelfklevend-2-stuks-chroom","status":"publish","type":"product","link":"https:\/\/sagittarius-one.com\/it\/prodotto\/sagittarius-one-32s1-handdoekhaakjes-zelfklevend-2-stuks-chroom\/","title":{"rendered":"Sagittarius One 32S1 Ganci Adesivi Bagno 2 Pezzi"},"content":{"rendered":"<p>Noi di Sagittarius One siamo sinonimo di alta qualit\u00e0.<br \/>\nLa nostra visione \u00e8 che dei disegni moderni e un\u2019altissima qualit\u00e0 cambieranno il mondo dei sanitari. Il Set Gancetti per asciugamani Sagittarius One 32S1 incarna questa visione.<\/p>\n<p>Un prodotto di grande qualit\u00e0 e bellissimo da vedere. Questo \u00e8 possibile anche grazie anche all\u2019ottone di eccezionale qualit\u00e0, perfettamente cromato. Di meno, noi non ci accontentiamo! Cercheremo sempre di ottenere l\u2019alta qualit\u00e0 che ci caratterizza. Per seguire la nostra visione, il nostro prodotto ha un disegno semplice e moderno con il quale rivoluzioneremo il mondo dei sanitari! Questo prodotto non pu\u00f2 mancare nel vostro bagno!<\/p>\n<p>Il Set gancetti per asciugamani Sagittarius One 32S1 \u00e8 stato progettato per essere stabile e resistente. Ci\u00f2 \u00e8 possibile grazie alla struttura del prodotto, realizzata in ottone massiccio. Inoltre, il set gancetti per asciugamani 32S1 \u00e8 dotato di un rivestimento cromato per ottenere la splendida rifinitura lucida che durer\u00e0 molto a lungo.<\/p>\n<p>Il prodotto \u00e8 facilissimo da installare grazie al potente nastro autoadesivo che utilizziamo. Questo significa anche che non dovete trapanare le pareti, evitando di lasciare buchi che poi non si possono pi\u00f9 cancellare. Con questo set vi liberate del problema! Grazie al modello compatto, i gancetti occupano pochissimo posto e sono molto funzionali in diversi punti della casa. Dal bagno alla cucina.<\/p>\n<p>Non dimenticatevi di dare un\u2019occhiata agli altri accessori bagno proposti da Sagittarius One!<\/p>\n<p>Dimensioni del prodotto (L x P x A) (32 x 32 x 23) mm e (1,26&#8243; x 1,26&#8243; x 0.91&#8243;) Inch<\/p>\n","protected":false},"excerpt":{"rendered":"<p>Noi di Sagittarius One siamo sinonimo di alta qualit\u00e0. La nostra visione \u00e8 che dei disegni moderni e un\u2019altissima qualit\u00e0 cambieranno il mondo dei sanitari. Il Set Gancetti per asciugamani Sagittarius One 32S1 incarna questa visione. Un prodotto di grande qualit\u00e0 e bellissimo da vedere. Questo \u00e8 possibile anche grazie anche all\u2019ottone di eccezionale qualit\u00e0, [&hellip;]<\/p>\n","protected":false},"featured_media":20601,"comment_status":"closed","ping_status":"closed","template":"","meta":{"_acf_changed":false,"site-sidebar-layout":"default","site-content-layout":"default","ast-site-content-layout":"default","site-content-style":"default","site-sidebar-style":"default","ast-global-header-display":"","ast-banner-title-visibility":"","ast-main-header-display":"","ast-hfb-above-header-display":"","ast-hfb-below-header-display":"","ast-hfb-mobile-header-display":"","site-post-title":"","ast-breadcrumbs-content":"","ast-featured-img":"","footer-sml-layout":"","ast-disable-related-posts":"","theme-transparent-header-meta":"default","adv-header-id-meta":"","stick-header-meta":"default","header-above-stick-meta":"","header-main-stick-meta":"","header-below-stick-meta":"","astra-migrate-meta-layouts":"default","ast-page-background-enabled":"default","ast-page-background-meta":{"desktop":{"background-color":"var(--ast-global-color-4)","background-image":"","background-repeat":"repeat","background-position":"center center","background-size":"auto","background-attachment":"scroll","background-type":"","background-media":"","overlay-type":"","overlay-color":"","overlay-opacity":"","overlay-gradient":""},"tablet":{"background-color":"","background-image":"","background-repeat":"repeat","background-position":"center center","background-size":"auto","background-attachment":"scroll","background-type":"","background-media":"","overlay-type":"","overlay-color":"","overlay-opacity":"","overlay-gradient":""},"mobile":{"background-color":"","background-image":"","background-repeat":"repeat","background-position":"center center","background-size":"auto","background-attachment":"scroll","background-type":"","background-media":"","overlay-type":"","overlay-color":"","overlay-opacity":"","overlay-gradient":""}},"ast-content-background-meta":{"desktop":{"background-color":"var(--ast-global-color-5)","background-image":"","background-repeat":"repeat","background-position":"center center","background-size":"auto","background-attachment":"scroll","background-type":"","background-media":"","overlay-type":"","overlay-color":"","overlay-opacity":"","overlay-gradient":""},"tablet":{"background-color":"var(--ast-global-color-5)","background-image":"","background-repeat":"repeat","background-position":"center center","background-size":"auto","background-attachment":"scroll","background-type":"","background-media":"","overlay-type":"","overlay-color":"","overlay-opacity":"","overlay-gradient":""},"mobile":{"background-color":"var(--ast-global-color-5)","background-image":"","background-repeat":"repeat","background-position":"center center","background-size":"auto","background-attachment":"scroll","background-type":"","background-media":"","overlay-type":"","overlay-color":"","overlay-opacity":"","overlay-gradient":""}}},"product_brand":[],"product_cat":[136],"product_tag":[],"class_list":{"0":"post-187493","1":"product","2":"type-product","3":"status-publish","4":"has-post-thumbnail","6":"product_cat-acquisti","7":"pa_kleur-cromo-it","8":"desktop-align-left","9":"tablet-align-left","10":"mobile-align-left","11":"ast-product-gallery-layout-horizontal-slider","12":"ast-magnify-disabled","13":"ast-product-tabs-layout-horizontal","15":"first","16":"instock","17":"taxable","18":"shipping-taxable","19":"purchasable","20":"product-type-simple"},"acf":[],"_links":{"self":[{"href":"https:\/\/sagittarius-one.com\/it\/wp-json\/wp\/v2\/product\/187493","targetHints":{"allow":["GET"]}}],"collection":[{"href":"https:\/\/sagittarius-one.com\/it\/wp-json\/wp\/v2\/product"}],"about":[{"href":"https:\/\/sagittarius-one.com\/it\/wp-json\/wp\/v2\/types\/product"}],"replies":[{"embeddable":true,"href":"https:\/\/sagittarius-one.com\/it\/wp-json\/wp\/v2\/comments?post=187493"}],"wp:featuredmedia":[{"embeddable":true,"href":"https:\/\/sagittarius-one.com\/it\/wp-json\/wp\/v2\/media\/20601"}],"wp:attachment":[{"href":"https:\/\/sagittarius-one.com\/it\/wp-json\/wp\/v2\/media?parent=187493"}],"wp:term":[{"taxonomy":"product_brand","embeddable":true,"href":"https:\/\/sagittarius-one.com\/it\/wp-json\/wp\/v2\/product_brand?post=187493"},{"taxonomy":"product_cat","embeddable":true,"href":"https:\/\/sagittarius-one.com\/it\/wp-json\/wp\/v2\/product_cat?post=187493"},{"taxonomy":"product_tag","embeddable":true,"href":"https:\/\/sagittarius-one.com\/it\/wp-json\/wp\/v2\/product_tag?post=187493"}],"curies":[{"name":"wp","href":"https:\/\/api.w.org\/{rel}","templated":true}]}}