{"id":1868193,"date":"2023-04-19T13:55:37","date_gmt":"2023-04-19T13:55:37","guid":{"rendered":"https:\/\/sagittarius-one.com\/?post_type=product&#038;p=1868193"},"modified":"2023-07-27T12:46:20","modified_gmt":"2023-07-27T12:46:20","slug":"sagittarius-one-270s1-reserve-rolhouder-zwart","status":"publish","type":"product","link":"https:\/\/sagittarius-one.com\/it\/prodotto\/sagittarius-one-270s1-reserve-rolhouder-zwart\/","title":{"rendered":"Sagittarius One 270S1-B Porta Carta Igienica di Riserva Nero"},"content":{"rendered":"<p>Noi di Sagittarius One siamo sinonimo di alta qualit\u00e0.<br \/>\nLa nostra visione \u00e8 che dei disegni moderni e un\u2019altissima qualit\u00e0 cambieranno il mondo dei sanitari. Il Portarotoli di riserva di carta igienica Sagittarius One 270S1-B incarna questa visione.<\/p>\n<p>Un prodotto di grande qualit\u00e0 e bellissimo da vedere, grazie anche all\u2019ottone di eccezionale qualit\u00e0, perfettamente rivestito di nero. Di meno, noi non ci accontentiamo! Cercheremo sempre di ottenere la massima qualit\u00e0 che ci caratterizza. Per seguire la nostra visione, il nostro prodotto ha un disegno semplice e moderno con il quale rivoluzioneremo il mondo dei sanitari! Questo prodotto non pu\u00f2 mancare nel vostro bagno!<br \/>\nIl sistema di montaggio \u00e8 progettato in modo intelligente e bastano due viti per fissare alla parete il portarotoli. Dopo l\u2019installazione queste viti sono invisibili. Tasselli e viti sono in dotazione.<\/p>\n<p>Il portarotoli di carta igienica ha un disegno raffinato e si adatta a molti stili in casa. Il prodotto \u00e8 un oggetto pesante, perch\u00e9 non risparmiamo sulla qualit\u00e0 e scegliamo esclusivamente materiali resistenti. Il portarotoli di riserva di carta igienica di ottone \u00e8 dotato di un rivestimento elettroforetico per ottenere la splendida rifinitura di color nero opaco che durer\u00e0 molto a lungo. Non dovete preoccuparvi, tutti i vostri rotoli di carta igienica entreranno nel supporto. Grazie al modello ampio, sul portarotoli entra comodamente un rotolo di carta igienica a 4 strati!<\/p>\n<p>Non dimenticatevi di dare un\u2019occhiata agli altri accessori bagno proposti da Sagittarius One!<\/p>\n<p>Dimensioni del prodotto (L x P x A) (270 x 85 x 50) mm &#038; (10.63\u201d x 3.35\u201d x 1.97\u201d) pollici.<\/p>\n","protected":false},"excerpt":{"rendered":"<p>Noi di Sagittarius One siamo sinonimo di alta qualit\u00e0. La nostra visione \u00e8 che dei disegni moderni e un\u2019altissima qualit\u00e0 cambieranno il mondo dei sanitari. Il Portarotoli di riserva di carta igienica Sagittarius One 270S1-B incarna questa visione. Un prodotto di grande qualit\u00e0 e bellissimo da vedere, grazie anche all\u2019ottone di eccezionale qualit\u00e0, perfettamente rivestito [&hellip;]<\/p>\n","protected":false},"featured_media":20244,"comment_status":"closed","ping_status":"closed","template":"","meta":{"_acf_changed":false,"site-sidebar-layout":"default","site-content-layout":"default","ast-site-content-layout":"default","site-content-style":"default","site-sidebar-style":"default","ast-global-header-display":"","ast-banner-title-visibility":"","ast-main-header-display":"","ast-hfb-above-header-display":"","ast-hfb-below-header-display":"","ast-hfb-mobile-header-display":"","site-post-title":"","ast-breadcrumbs-content":"","ast-featured-img":"","footer-sml-layout":"","ast-disable-related-posts":"","theme-transparent-header-meta":"default","adv-header-id-meta":"","stick-header-meta":"default","header-above-stick-meta":"","header-main-stick-meta":"","header-below-stick-meta":"","astra-migrate-meta-layouts":"default","ast-page-background-enabled":"default","ast-page-background-meta":{"desktop":{"background-color":"var(--ast-global-color-4)","background-image":"","background-repeat":"repeat","background-position":"center center","background-size":"auto","background-attachment":"scroll","background-type":"","background-media":"","overlay-type":"","overlay-color":"","overlay-opacity":"","overlay-gradient":""},"tablet":{"background-color":"","background-image":"","background-repeat":"repeat","background-position":"center center","background-size":"auto","background-attachment":"scroll","background-type":"","background-media":"","overlay-type":"","overlay-color":"","overlay-opacity":"","overlay-gradient":""},"mobile":{"background-color":"","background-image":"","background-repeat":"repeat","background-position":"center center","background-size":"auto","background-attachment":"scroll","background-type":"","background-media":"","overlay-type":"","overlay-color":"","overlay-opacity":"","overlay-gradient":""}},"ast-content-background-meta":{"desktop":{"background-color":"var(--ast-global-color-5)","background-image":"","background-repeat":"repeat","background-position":"center center","background-size":"auto","background-attachment":"scroll","background-type":"","background-media":"","overlay-type":"","overlay-color":"","overlay-opacity":"","overlay-gradient":""},"tablet":{"background-color":"var(--ast-global-color-5)","background-image":"","background-repeat":"repeat","background-position":"center center","background-size":"auto","background-attachment":"scroll","background-type":"","background-media":"","overlay-type":"","overlay-color":"","overlay-opacity":"","overlay-gradient":""},"mobile":{"background-color":"var(--ast-global-color-5)","background-image":"","background-repeat":"repeat","background-position":"center center","background-size":"auto","background-attachment":"scroll","background-type":"","background-media":"","overlay-type":"","overlay-color":"","overlay-opacity":"","overlay-gradient":""}}},"product_brand":[],"product_cat":[136],"product_tag":[160],"class_list":{"0":"post-1868193","1":"product","2":"type-product","3":"status-publish","4":"has-post-thumbnail","6":"product_cat-acquisti","7":"product_tag-270s1-serie-it","8":"pa_kleur-nero-it","9":"desktop-align-left","10":"tablet-align-left","11":"mobile-align-left","12":"ast-product-gallery-layout-horizontal-slider","13":"ast-magnify-disabled","14":"ast-product-tabs-layout-horizontal","16":"first","17":"instock","18":"taxable","19":"shipping-taxable","20":"purchasable","21":"product-type-simple"},"acf":[],"_links":{"self":[{"href":"https:\/\/sagittarius-one.com\/it\/wp-json\/wp\/v2\/product\/1868193","targetHints":{"allow":["GET"]}}],"collection":[{"href":"https:\/\/sagittarius-one.com\/it\/wp-json\/wp\/v2\/product"}],"about":[{"href":"https:\/\/sagittarius-one.com\/it\/wp-json\/wp\/v2\/types\/product"}],"replies":[{"embeddable":true,"href":"https:\/\/sagittarius-one.com\/it\/wp-json\/wp\/v2\/comments?post=1868193"}],"wp:featuredmedia":[{"embeddable":true,"href":"https:\/\/sagittarius-one.com\/it\/wp-json\/wp\/v2\/media\/20244"}],"wp:attachment":[{"href":"https:\/\/sagittarius-one.com\/it\/wp-json\/wp\/v2\/media?parent=1868193"}],"wp:term":[{"taxonomy":"product_brand","embeddable":true,"href":"https:\/\/sagittarius-one.com\/it\/wp-json\/wp\/v2\/product_brand?post=1868193"},{"taxonomy":"product_cat","embeddable":true,"href":"https:\/\/sagittarius-one.com\/it\/wp-json\/wp\/v2\/product_cat?post=1868193"},{"taxonomy":"product_tag","embeddable":true,"href":"https:\/\/sagittarius-one.com\/it\/wp-json\/wp\/v2\/product_tag?post=1868193"}],"curies":[{"name":"wp","href":"https:\/\/api.w.org\/{rel}","templated":true}]}}