{"id":1859193,"date":"2023-04-19T13:55:36","date_gmt":"2023-04-19T13:55:36","guid":{"rendered":"https:\/\/sagittarius-one.com\/?post_type=product&#038;p=1859193"},"modified":"2023-07-27T12:46:19","modified_gmt":"2023-07-27T12:46:19","slug":"sagittarius-one-152s1-wc-rolhouder-zonder-boren-zwart","status":"publish","type":"product","link":"https:\/\/sagittarius-one.com\/it\/prodotto\/sagittarius-one-152s1-wc-rolhouder-zonder-boren-zwart\/","title":{"rendered":"Sagittarius One 152S1-B Porta Carta Igienica Adesivo Nero"},"content":{"rendered":"<p>Noi di Sagittarius One siamo sinonimo di alta qualit\u00e0.<br \/>\nLa nostra visione \u00e8 che dei disegni moderni e un\u2019altissima qualit\u00e0 cambieranno il mondo dei sanitari. Il Portarotoli di carta igienica Sagittarius One 152S1-B incarna questa visione.<\/p>\n<p>Un prodotto di grande qualit\u00e0 e bellissimo da vedere, grazie anche all\u2019acciaio inossidabile di eccezionale qualit\u00e0, perfettamente rivestito di nero. Di meno, noi non ci accontentiamo! Cercheremo sempre di ottenere la massima qualit\u00e0 che ci caratterizza. Per seguire la nostra visione, il nostro prodotto ha un disegno semplice e moderno con il quale rivoluzioneremo il mondo dei sanitari! Questo prodotto non pu\u00f2 mancare nel vostro bagno!<br \/>\nIl prodotto \u00e8 facilissimo da installare grazie al potente nastro autoadesivo che utilizziamo. Questo significa anche che non dovete trapanare le pareti, evitando di lasciare buchi che poi non si possono pi\u00f9 cancellare. Con questo portarotoli vi liberate del problema!<\/p>\n<p>Il portarotoli di carta igienica ha un disegno raffinato e si adatta a molti stili in casa. Il prodotto \u00e8 un oggetto pesante, perch\u00e9 non risparmiamo sulla qualit\u00e0 e scegliamo esclusivamente materiali resistenti. L\u2019acciaio inossidabile \u00e8 lucidato a mano per ottenere la splendida rifinitura che durer\u00e0 molto a lungo. Non dovete preoccuparvi, tutti i vostri rotoli di carta igienica entreranno nel supporto. Grazie al modello ampio, sul portarotoli entra comodamente un rotolo di carta igienica a 4 strati!<\/p>\n<p>Non dimenticatevi di dare un\u2019occhiata agli altri accessori bagno proposti da Sagittarius One!<\/p>\n<p>Dimensioni del prodotto (L x P x A) (152 x 90 x 30) mm &#038; (5.98\u201d x 3.54\u201d x 1.18\u201d) pollici.  <\/p>\n","protected":false},"excerpt":{"rendered":"<p>Noi di Sagittarius One siamo sinonimo di alta qualit\u00e0. La nostra visione \u00e8 che dei disegni moderni e un\u2019altissima qualit\u00e0 cambieranno il mondo dei sanitari. Il Portarotoli di carta igienica Sagittarius One 152S1-B incarna questa visione. Un prodotto di grande qualit\u00e0 e bellissimo da vedere, grazie anche all\u2019acciaio inossidabile di eccezionale qualit\u00e0, perfettamente rivestito di [&hellip;]<\/p>\n","protected":false},"featured_media":20613,"comment_status":"closed","ping_status":"closed","template":"","meta":{"_acf_changed":false,"site-sidebar-layout":"default","site-content-layout":"default","ast-site-content-layout":"default","site-content-style":"default","site-sidebar-style":"default","ast-global-header-display":"","ast-banner-title-visibility":"","ast-main-header-display":"","ast-hfb-above-header-display":"","ast-hfb-below-header-display":"","ast-hfb-mobile-header-display":"","site-post-title":"","ast-breadcrumbs-content":"","ast-featured-img":"","footer-sml-layout":"","ast-disable-related-posts":"","theme-transparent-header-meta":"default","adv-header-id-meta":"","stick-header-meta":"default","header-above-stick-meta":"","header-main-stick-meta":"","header-below-stick-meta":"","astra-migrate-meta-layouts":"default","ast-page-background-enabled":"default","ast-page-background-meta":{"desktop":{"background-color":"var(--ast-global-color-4)","background-image":"","background-repeat":"repeat","background-position":"center center","background-size":"auto","background-attachment":"scroll","background-type":"","background-media":"","overlay-type":"","overlay-color":"","overlay-opacity":"","overlay-gradient":""},"tablet":{"background-color":"","background-image":"","background-repeat":"repeat","background-position":"center center","background-size":"auto","background-attachment":"scroll","background-type":"","background-media":"","overlay-type":"","overlay-color":"","overlay-opacity":"","overlay-gradient":""},"mobile":{"background-color":"","background-image":"","background-repeat":"repeat","background-position":"center center","background-size":"auto","background-attachment":"scroll","background-type":"","background-media":"","overlay-type":"","overlay-color":"","overlay-opacity":"","overlay-gradient":""}},"ast-content-background-meta":{"desktop":{"background-color":"var(--ast-global-color-5)","background-image":"","background-repeat":"repeat","background-position":"center center","background-size":"auto","background-attachment":"scroll","background-type":"","background-media":"","overlay-type":"","overlay-color":"","overlay-opacity":"","overlay-gradient":""},"tablet":{"background-color":"var(--ast-global-color-5)","background-image":"","background-repeat":"repeat","background-position":"center center","background-size":"auto","background-attachment":"scroll","background-type":"","background-media":"","overlay-type":"","overlay-color":"","overlay-opacity":"","overlay-gradient":""},"mobile":{"background-color":"var(--ast-global-color-5)","background-image":"","background-repeat":"repeat","background-position":"center center","background-size":"auto","background-attachment":"scroll","background-type":"","background-media":"","overlay-type":"","overlay-color":"","overlay-opacity":"","overlay-gradient":""}}},"product_brand":[],"product_cat":[136],"product_tag":[],"class_list":{"0":"post-1859193","1":"product","2":"type-product","3":"status-publish","4":"has-post-thumbnail","6":"product_cat-acquisti","7":"pa_kleur-nero-it","8":"desktop-align-left","9":"tablet-align-left","10":"mobile-align-left","11":"ast-product-gallery-layout-horizontal-slider","12":"ast-magnify-disabled","13":"ast-product-tabs-layout-horizontal","15":"first","16":"instock","17":"taxable","18":"shipping-taxable","19":"purchasable","20":"product-type-simple"},"acf":[],"_links":{"self":[{"href":"https:\/\/sagittarius-one.com\/it\/wp-json\/wp\/v2\/product\/1859193","targetHints":{"allow":["GET"]}}],"collection":[{"href":"https:\/\/sagittarius-one.com\/it\/wp-json\/wp\/v2\/product"}],"about":[{"href":"https:\/\/sagittarius-one.com\/it\/wp-json\/wp\/v2\/types\/product"}],"replies":[{"embeddable":true,"href":"https:\/\/sagittarius-one.com\/it\/wp-json\/wp\/v2\/comments?post=1859193"}],"wp:featuredmedia":[{"embeddable":true,"href":"https:\/\/sagittarius-one.com\/it\/wp-json\/wp\/v2\/media\/20613"}],"wp:attachment":[{"href":"https:\/\/sagittarius-one.com\/it\/wp-json\/wp\/v2\/media?parent=1859193"}],"wp:term":[{"taxonomy":"product_brand","embeddable":true,"href":"https:\/\/sagittarius-one.com\/it\/wp-json\/wp\/v2\/product_brand?post=1859193"},{"taxonomy":"product_cat","embeddable":true,"href":"https:\/\/sagittarius-one.com\/it\/wp-json\/wp\/v2\/product_cat?post=1859193"},{"taxonomy":"product_tag","embeddable":true,"href":"https:\/\/sagittarius-one.com\/it\/wp-json\/wp\/v2\/product_tag?post=1859193"}],"curies":[{"name":"wp","href":"https:\/\/api.w.org\/{rel}","templated":true}]}}