{"id":184193,"date":"2023-04-19T13:55:26","date_gmt":"2023-04-19T13:55:26","guid":{"rendered":"https:\/\/sagittarius-one.com\/?post_type=product&#038;p=184193"},"modified":"2023-07-27T12:46:08","modified_gmt":"2023-07-27T12:46:08","slug":"sagittarius-one-44s1-wastafelkraan-chroom","status":"publish","type":"product","link":"https:\/\/sagittarius-one.com\/it\/prodotto\/sagittarius-one-44s1-wastafelkraan-chroom\/","title":{"rendered":"Sagittarius One 44S1 Rubinetto Bagno Lavabo"},"content":{"rendered":"<p>Noi di Sagittarius One siamo sinonimo di alta qualit\u00e0.<br \/>\nLa nostra visione \u00e8 che dei disegni moderni e un\u2019altissima qualit\u00e0 cambieranno il mondo dei sanitari. Il Rubinetto da bagno Sagittarius One 44S1 incarna questa visione.<\/p>\n<p>Un prodotto di grande qualit\u00e0 e bellissimo da vedere, questo \u00e8 possibile anche grazie anche all\u2019ottone di eccezionale qualit\u00e0, perfettamente cromato. Di meno, noi non ci accontentiamo! Cercheremo sempre di ottenere l\u2019alta qualit\u00e0 che ci caratterizza. Per seguire la nostra visione, il nostro prodotto ha un disegno semplice e moderno con il quale rivoluzioneremo il mondo dei sanitari! Questo prodotto non pu\u00f2 mancare nel vostro bagno!<br \/>\nUn disegno ispirato al celebre Louvre di Parigi e la scelta di ottimi materiali rendono il Rubinetto da bagno 44S1 di Sagittarius One una vera e propria attrazione.  Cos\u00ec non metterete in casa vostra solo un rubinetto, ma anche uno splendido oggetto di design.<\/p>\n<p>Il Rubinetto da bagno 44S1 di Sagittarius One non ha solo un bel disegno, ma \u00e8 anche di alta qualit\u00e0 e assicura un\u2019igiene ottimale!<\/p>\n<p>L\u2019involucro \u00e8 fatto di ottone di grado A ed \u00e8 lavorato con una macchina CNC con la massima precisione, per mettere in risalto al meglio le linee eleganti. Inoltre, il cromo \u00e8 composto in pi\u00f9 strati per impedire la corrosione e fornire una profonda brillantezza che durer\u00e0 per sempre.<br \/>\nPer la cartuccia abbiamo scelto CITEC, che produce le migliori cartucce in ceramica sul mercato. Queste cartucce assicurano che la leva si apra e chiuda in modo ottimale e che non ci siano perdite nemmeno dopo pi\u00f9 di 500.000 utilizzi.<br \/>\nInoltre, usiamo un aeratore della marca svizzera Neoperl che garantisce un flusso d\u2019acqua ottimale impedendo gli schizzi d\u2019acqua e contrasta la diffusione di batteri come, tra gli altri, la Legionella.<br \/>\nNon dimenticatevi di dare un\u2019occhiata agli altri accessori bagno proposti da Sagittarius One!<br \/>\nDimensioni del prodotto (L x P x A) (185 x 50 x 189) mm &#038; (7.28\u201d x 1.97\u201d x 7.44\u201d) pollici.<\/p>\n","protected":false},"excerpt":{"rendered":"<p>Noi di Sagittarius One siamo sinonimo di alta qualit\u00e0. La nostra visione \u00e8 che dei disegni moderni e un\u2019altissima qualit\u00e0 cambieranno il mondo dei sanitari. Il Rubinetto da bagno Sagittarius One 44S1 incarna questa visione. Un prodotto di grande qualit\u00e0 e bellissimo da vedere, questo \u00e8 possibile anche grazie anche all\u2019ottone di eccezionale qualit\u00e0, perfettamente [&hellip;]<\/p>\n","protected":false},"featured_media":20154,"comment_status":"closed","ping_status":"closed","template":"","meta":{"_acf_changed":false,"site-sidebar-layout":"default","site-content-layout":"default","ast-site-content-layout":"default","site-content-style":"default","site-sidebar-style":"default","ast-global-header-display":"","ast-banner-title-visibility":"","ast-main-header-display":"","ast-hfb-above-header-display":"","ast-hfb-below-header-display":"","ast-hfb-mobile-header-display":"","site-post-title":"","ast-breadcrumbs-content":"","ast-featured-img":"","footer-sml-layout":"","ast-disable-related-posts":"","theme-transparent-header-meta":"default","adv-header-id-meta":"","stick-header-meta":"default","header-above-stick-meta":"","header-main-stick-meta":"","header-below-stick-meta":"","astra-migrate-meta-layouts":"default","ast-page-background-enabled":"default","ast-page-background-meta":{"desktop":{"background-color":"var(--ast-global-color-4)","background-image":"","background-repeat":"repeat","background-position":"center center","background-size":"auto","background-attachment":"scroll","background-type":"","background-media":"","overlay-type":"","overlay-color":"","overlay-opacity":"","overlay-gradient":""},"tablet":{"background-color":"","background-image":"","background-repeat":"repeat","background-position":"center center","background-size":"auto","background-attachment":"scroll","background-type":"","background-media":"","overlay-type":"","overlay-color":"","overlay-opacity":"","overlay-gradient":""},"mobile":{"background-color":"","background-image":"","background-repeat":"repeat","background-position":"center center","background-size":"auto","background-attachment":"scroll","background-type":"","background-media":"","overlay-type":"","overlay-color":"","overlay-opacity":"","overlay-gradient":""}},"ast-content-background-meta":{"desktop":{"background-color":"var(--ast-global-color-5)","background-image":"","background-repeat":"repeat","background-position":"center center","background-size":"auto","background-attachment":"scroll","background-type":"","background-media":"","overlay-type":"","overlay-color":"","overlay-opacity":"","overlay-gradient":""},"tablet":{"background-color":"var(--ast-global-color-5)","background-image":"","background-repeat":"repeat","background-position":"center center","background-size":"auto","background-attachment":"scroll","background-type":"","background-media":"","overlay-type":"","overlay-color":"","overlay-opacity":"","overlay-gradient":""},"mobile":{"background-color":"var(--ast-global-color-5)","background-image":"","background-repeat":"repeat","background-position":"center center","background-size":"auto","background-attachment":"scroll","background-type":"","background-media":"","overlay-type":"","overlay-color":"","overlay-opacity":"","overlay-gradient":""}}},"product_brand":[],"product_cat":[136,174],"product_tag":[],"class_list":{"0":"post-184193","1":"product","2":"type-product","3":"status-publish","4":"has-post-thumbnail","6":"product_cat-acquisti","7":"product_cat-rubinetti","8":"pa_kleur-cromo-it","9":"desktop-align-left","10":"tablet-align-left","11":"mobile-align-left","12":"ast-product-gallery-layout-horizontal-slider","13":"ast-magnify-disabled","14":"ast-product-tabs-layout-horizontal","16":"first","17":"instock","18":"taxable","19":"shipping-taxable","20":"purchasable","21":"product-type-simple"},"acf":[],"_links":{"self":[{"href":"https:\/\/sagittarius-one.com\/it\/wp-json\/wp\/v2\/product\/184193","targetHints":{"allow":["GET"]}}],"collection":[{"href":"https:\/\/sagittarius-one.com\/it\/wp-json\/wp\/v2\/product"}],"about":[{"href":"https:\/\/sagittarius-one.com\/it\/wp-json\/wp\/v2\/types\/product"}],"replies":[{"embeddable":true,"href":"https:\/\/sagittarius-one.com\/it\/wp-json\/wp\/v2\/comments?post=184193"}],"wp:featuredmedia":[{"embeddable":true,"href":"https:\/\/sagittarius-one.com\/it\/wp-json\/wp\/v2\/media\/20154"}],"wp:attachment":[{"href":"https:\/\/sagittarius-one.com\/it\/wp-json\/wp\/v2\/media?parent=184193"}],"wp:term":[{"taxonomy":"product_brand","embeddable":true,"href":"https:\/\/sagittarius-one.com\/it\/wp-json\/wp\/v2\/product_brand?post=184193"},{"taxonomy":"product_cat","embeddable":true,"href":"https:\/\/sagittarius-one.com\/it\/wp-json\/wp\/v2\/product_cat?post=184193"},{"taxonomy":"product_tag","embeddable":true,"href":"https:\/\/sagittarius-one.com\/it\/wp-json\/wp\/v2\/product_tag?post=184193"}],"curies":[{"name":"wp","href":"https:\/\/api.w.org\/{rel}","templated":true}]}}