{"id":182693,"date":"2023-04-19T13:55:23","date_gmt":"2023-04-19T13:55:23","guid":{"rendered":"https:\/\/sagittarius-one.com\/?post_type=product&#038;p=182693"},"modified":"2023-07-27T12:46:06","modified_gmt":"2023-07-27T12:46:06","slug":"sagittarius-one-40s1-tandenborstelhouder-chroom","status":"publish","type":"product","link":"https:\/\/sagittarius-one.com\/it\/prodotto\/sagittarius-one-40s1-tandenborstelhouder-chroom\/","title":{"rendered":"Sagittarius One 40S1 Porta Spazzolino Bagno"},"content":{"rendered":"<p>Noi di Sagittarius One siamo sinonimo di alta qualit\u00e0.<br \/>\nLa nostra visione \u00e8 che dei disegni moderni e un\u2019altissima qualit\u00e0 cambieranno il mondo dei sanitari. Il portaspazzolino Sagittarius One 40S1 incarna questa visione.<\/p>\n<p>Un prodotto di grande qualit\u00e0 e bellissimo da vedere. Questo \u00e8 possibile anche grazie anche all\u2019acciaio inox di eccezionale qualit\u00e0, perfettamente cromato. Di meno, noi non ci accontentiamo! Cercheremo sempre di ottenere la massima qualit\u00e0 che ci caratterizza. Per seguire la nostra visione, il nostro prodotto ha un disegno semplice e moderno con il quale rivoluzioneremo il mondo dei sanitari! Questo prodotto non pu\u00f2 mancare nel vostro bagno!<br \/>\nAl giorno d\u2019oggi, nel mondo dei sanitari ci sono poche innovazioni. Il portaspazzolino Sagittarius One 40S1, per\u00f2, costituisce un\u2019eccezione! Con un disegno elegante e semplice, adesso \u00e8 possibile mettere via facilmente gli spazzolini e gli altri componenti dello spazzolino da denti elettrico. Inoltre \u00e8 molto pi\u00f9 igienico dei tradizionali bicchieri per gli spazzolini da denti, in cui spesso crescono muffe e si accumulano batteri. Con il nostro portaspazzolino non avrete pi\u00f9 questi problemi!<\/p>\n<p>Il portaspazzolino ha un disegno elegante e si abbina bene anche ad altri accessori da bagno di Sagittarius One. Il prodotto \u00e8 realizzato in acciaio inossidabile ed \u00e8 dotato di uno speciale rivestimento cromato per ottenere una splendida rifinitura brillante che durer\u00e0 molto a lungo.<br \/>\nIl portaspazzolino si monta nel giro di qualche secondo grazie a un kit apposito. Una volta asciutto, il prodotto sar\u00e0 perfettamente attaccato e sar\u00e0 in grado di sopportare grossi pesi.<br \/>\nNon dimenticatevi di dare un\u2019occhiata agli altri accessori bagno proposti da Sagittarius One!<\/p>\n<p>Dimensioni del prodotto (L x P x A) (160 x 40 x 30) mm &#038; (6.3\u201d x 1.57\u201d x 1.18\u201d) pollici.<\/p>\n","protected":false},"excerpt":{"rendered":"<p>Noi di Sagittarius One siamo sinonimo di alta qualit\u00e0. La nostra visione \u00e8 che dei disegni moderni e un\u2019altissima qualit\u00e0 cambieranno il mondo dei sanitari. Il portaspazzolino Sagittarius One 40S1 incarna questa visione. Un prodotto di grande qualit\u00e0 e bellissimo da vedere. Questo \u00e8 possibile anche grazie anche all\u2019acciaio inox di eccezionale qualit\u00e0, perfettamente cromato. [&hellip;]<\/p>\n","protected":false},"featured_media":1912704,"comment_status":"closed","ping_status":"closed","template":"","meta":{"_acf_changed":false,"site-sidebar-layout":"default","site-content-layout":"default","ast-site-content-layout":"default","site-content-style":"default","site-sidebar-style":"default","ast-global-header-display":"","ast-banner-title-visibility":"","ast-main-header-display":"","ast-hfb-above-header-display":"","ast-hfb-below-header-display":"","ast-hfb-mobile-header-display":"","site-post-title":"","ast-breadcrumbs-content":"","ast-featured-img":"","footer-sml-layout":"","ast-disable-related-posts":"","theme-transparent-header-meta":"default","adv-header-id-meta":"","stick-header-meta":"default","header-above-stick-meta":"","header-main-stick-meta":"","header-below-stick-meta":"","astra-migrate-meta-layouts":"default","ast-page-background-enabled":"default","ast-page-background-meta":{"desktop":{"background-color":"var(--ast-global-color-4)","background-image":"","background-repeat":"repeat","background-position":"center center","background-size":"auto","background-attachment":"scroll","background-type":"","background-media":"","overlay-type":"","overlay-color":"","overlay-opacity":"","overlay-gradient":""},"tablet":{"background-color":"","background-image":"","background-repeat":"repeat","background-position":"center center","background-size":"auto","background-attachment":"scroll","background-type":"","background-media":"","overlay-type":"","overlay-color":"","overlay-opacity":"","overlay-gradient":""},"mobile":{"background-color":"","background-image":"","background-repeat":"repeat","background-position":"center center","background-size":"auto","background-attachment":"scroll","background-type":"","background-media":"","overlay-type":"","overlay-color":"","overlay-opacity":"","overlay-gradient":""}},"ast-content-background-meta":{"desktop":{"background-color":"var(--ast-global-color-5)","background-image":"","background-repeat":"repeat","background-position":"center center","background-size":"auto","background-attachment":"scroll","background-type":"","background-media":"","overlay-type":"","overlay-color":"","overlay-opacity":"","overlay-gradient":""},"tablet":{"background-color":"var(--ast-global-color-5)","background-image":"","background-repeat":"repeat","background-position":"center center","background-size":"auto","background-attachment":"scroll","background-type":"","background-media":"","overlay-type":"","overlay-color":"","overlay-opacity":"","overlay-gradient":""},"mobile":{"background-color":"var(--ast-global-color-5)","background-image":"","background-repeat":"repeat","background-position":"center center","background-size":"auto","background-attachment":"scroll","background-type":"","background-media":"","overlay-type":"","overlay-color":"","overlay-opacity":"","overlay-gradient":""}}},"product_brand":[],"product_cat":[136],"product_tag":[],"class_list":{"0":"post-182693","1":"product","2":"type-product","3":"status-publish","4":"has-post-thumbnail","6":"product_cat-acquisti","7":"pa_kleur-cromo-it","8":"desktop-align-left","9":"tablet-align-left","10":"mobile-align-left","11":"ast-product-gallery-layout-horizontal-slider","12":"ast-magnify-disabled","13":"ast-product-tabs-layout-horizontal","15":"first","16":"instock","17":"taxable","18":"shipping-taxable","19":"purchasable","20":"product-type-simple"},"acf":[],"_links":{"self":[{"href":"https:\/\/sagittarius-one.com\/it\/wp-json\/wp\/v2\/product\/182693","targetHints":{"allow":["GET"]}}],"collection":[{"href":"https:\/\/sagittarius-one.com\/it\/wp-json\/wp\/v2\/product"}],"about":[{"href":"https:\/\/sagittarius-one.com\/it\/wp-json\/wp\/v2\/types\/product"}],"replies":[{"embeddable":true,"href":"https:\/\/sagittarius-one.com\/it\/wp-json\/wp\/v2\/comments?post=182693"}],"wp:featuredmedia":[{"embeddable":true,"href":"https:\/\/sagittarius-one.com\/it\/wp-json\/wp\/v2\/media\/1912704"}],"wp:attachment":[{"href":"https:\/\/sagittarius-one.com\/it\/wp-json\/wp\/v2\/media?parent=182693"}],"wp:term":[{"taxonomy":"product_brand","embeddable":true,"href":"https:\/\/sagittarius-one.com\/it\/wp-json\/wp\/v2\/product_brand?post=182693"},{"taxonomy":"product_cat","embeddable":true,"href":"https:\/\/sagittarius-one.com\/it\/wp-json\/wp\/v2\/product_cat?post=182693"},{"taxonomy":"product_tag","embeddable":true,"href":"https:\/\/sagittarius-one.com\/it\/wp-json\/wp\/v2\/product_tag?post=182693"}],"curies":[{"name":"wp","href":"https:\/\/api.w.org\/{rel}","templated":true}]}}