{"id":1915142,"date":"2025-01-03T11:50:36","date_gmt":"2025-01-03T11:50:36","guid":{"rendered":"https:\/\/sagittarius-one.com\/?post_type=product&#038;p=1915142"},"modified":"2025-10-31T09:13:14","modified_gmt":"2025-10-31T09:13:14","slug":"evolti-1175s1-ensemble-de-colonne-de-douche-thermostatique-chrome","status":"publish","type":"product","link":"https:\/\/sagittarius-one.com\/fr\/produit\/evolti-1175s1-ensemble-de-colonne-de-douche-thermostatique-chrome\/","title":{"rendered":"Evolti 1175S1 Ensemble de Colonne de Douche Thermostatique &#8211; Chrom\u00e9"},"content":{"rendered":"<h4><strong>Une Colonne de Douche Compl\u00e8te et \u00c9l\u00e9gante<\/strong><\/h4>\n<p>Transformez votre salle de bain en un espace luxueux avec le <strong>Evolti 1175S1 Ensemble de Colonne de Douche Thermostatique<\/strong>. Con\u00e7u pour offrir une exp\u00e9rience de douche ultime, cet ensemble allie un design moderne et des fonctionnalit\u00e9s pratiques. Il comprend une <strong>pomme de douche large effet pluie<\/strong>, une <strong>douchette \u00e0 main pratique<\/strong> et un <strong>mitigeur thermostatique<\/strong> int\u00e9gr\u00e9.<\/p>\n<p>La <strong>pomme de douche ultra-fine<\/strong>, d\u2019une forme ronde et \u00e9l\u00e9gante, offre une couverture d\u2019eau uniforme, procurant une sensation relaxante comme sous une pluie douce. La douchette \u00e0 main, \u00e9quip\u00e9e d\u2019un flexible en m\u00e9tal robuste, compl\u00e8te cet ensemble en offrant polyvalence et commodit\u00e9. Avec sa <strong>finition chrom\u00e9e brillante<\/strong>, cette colonne de douche s\u2019int\u00e8gre harmonieusement dans les salles de bain contemporaines comme classiques, ajoutant une touche d\u2019\u00e9l\u00e9gance intemporelle.<\/p>\n<article class=\"text-token-text-primary w-full\" dir=\"auto\" data-testid=\"conversation-turn-4\" data-scroll-anchor=\"false\">\n<div class=\"text-base my-auto mx-auto py-5 [--thread-content-margin:--spacing(4)] @[37rem]:[--thread-content-margin:--spacing(6)] @[72rem]:[--thread-content-margin:--spacing(16)] px-(--thread-content-margin)\">\n<div class=\"[--thread-content-max-width:32rem] @[34rem]:[--thread-content-max-width:40rem] @[64rem]:[--thread-content-max-width:48rem] mx-auto flex max-w-(--thread-content-max-width) flex-1 text-base gap-4 md:gap-5 lg:gap-6 group\/turn-messages focus-visible:outline-hidden\" tabindex=\"-1\">\n<div class=\"group\/conversation-turn relative flex w-full min-w-0 flex-col agent-turn\">\n<div class=\"relative flex-col gap-1 md:gap-3\">\n<div class=\"flex max-w-full flex-col grow\">\n<div class=\"min-h-8 text-message relative flex w-full flex-col items-end gap-2 text-start break-words whitespace-normal [.text-message+&amp;]:mt-5\" dir=\"auto\" data-message-author-role=\"assistant\" data-message-id=\"e6c72fcc-76e5-4704-99fa-94f5053072e5\" data-message-model-slug=\"gpt-4\">\n<div class=\"flex w-full flex-col gap-1 empty:hidden first:pt-[3px]\">\n<div class=\"markdown prose dark:prose-invert w-full break-words light\">\n<p data-start=\"51\" data-end=\"288\"><strong data-start=\"51\" data-end=\"112\">Rev\u00eatement PVD Premium \u2013 Protection Durable de la Surface<\/strong><br data-start=\"112\" data-end=\"115\" \/>Alliez style et durabilit\u00e9 gr\u00e2ce \u00e0 notre produit avec rev\u00eatement PVD, con\u00e7u pour durer. La finition PVD sublime l\u2019apparence et l\u2019esth\u00e9tique de vos produits de salle de bain.<\/p>\n<p data-start=\"290\" data-end=\"316\"><strong data-start=\"290\" data-end=\"316\">Principaux avantages :<\/strong><\/p>\n<ul data-start=\"318\" data-end=\"789\" data-is-last-node=\"\" data-is-only-node=\"\">\n<li data-start=\"318\" data-end=\"401\">\n<p data-start=\"320\" data-end=\"401\"><strong data-start=\"320\" data-end=\"354\">Couche sup\u00e9rieure ultra-solide<\/strong> \u2013 Con\u00e7ue pour r\u00e9sister \u00e0 l\u2019usure quotidienne<\/p>\n<\/li>\n<li data-start=\"402\" data-end=\"487\">\n<p data-start=\"404\" data-end=\"487\"><strong data-start=\"404\" data-end=\"456\">R\u00e9sistant \u00e0 la plupart des produits de nettoyage<\/strong> \u2013 Entretien facile et rapide<\/p>\n<\/li>\n<li data-start=\"488\" data-end=\"556\">\n<p data-start=\"490\" data-end=\"556\"><strong data-start=\"490\" data-end=\"508\">Ne s\u2019oxyde pas<\/strong> \u2013 Conserve son aspect sans ternir ni rouiller<\/p>\n<\/li>\n<li data-start=\"557\" data-end=\"625\">\n<p data-start=\"559\" data-end=\"625\"><strong data-start=\"559\" data-end=\"595\">Finition brillante et ultra-fine<\/strong> \u2013 Aspect moderne et raffin\u00e9<\/p>\n<\/li>\n<li data-start=\"626\" data-end=\"703\">\n<p data-start=\"628\" data-end=\"703\"><strong data-start=\"628\" data-end=\"653\">R\u00e9sistant aux rayures<\/strong> \u2013 Garde votre robinet comme neuf plus longtemps<\/p>\n<\/li>\n<li data-start=\"704\" data-end=\"789\" data-is-last-node=\"\">\n<p data-start=\"706\" data-end=\"789\" data-is-last-node=\"\"><strong data-start=\"706\" data-end=\"740\">Respectueux de l\u2019environnement<\/strong> \u2013 Produit avec un impact environnemental minimal<\/p>\n<\/li>\n<\/ul>\n<\/div>\n<\/div>\n<\/div>\n<\/div>\n<div class=\"flex min-h-[46px] justify-start\">\n<div class=\"touch:-me-2 touch:-ms-3.5 -ms-2.5 -me-1 flex flex-wrap items-center gap-y-4 p-1 select-none touch:w-[calc(100%+--spacing(3.5))] -mt-1 w-[calc(100%+--spacing(2.5))] duration-[1.5s] focus-within:transition-none hover:transition-none pointer-events-none [mask-image:linear-gradient(to_right,black_33%,transparent_66%)] [mask-size:300%_100%] [mask-position:100%_0%] motion-safe:transition-[mask-position] group-hover\/turn-messages:pointer-events-auto group-hover\/turn-messages:[mask-position:0_0] group-focus-within\/turn-messages:pointer-events-auto group-focus-within\/turn-messages:[mask-position:0_0] has-data-[state=open]:pointer-events-auto has-data-[state=open]:[mask-position:0_0]\">\n<p>&nbsp;<\/p>\n<div class=\"flex items-center\"><\/div>\n<\/div>\n<\/div>\n<\/div>\n<\/div>\n<\/div>\n<\/div>\n<\/article>\n<article class=\"text-token-text-primary w-full\" dir=\"auto\" data-testid=\"conversation-turn-5\" data-scroll-anchor=\"false\">\n<h5 class=\"sr-only\"><\/h5>\n<\/article>\n<hr \/>\n<h4><strong>Mat\u00e9riaux Haut de Gamme pour une Long\u00e9vit\u00e9 Exceptionnelle<\/strong><\/h4>\n<p>Fabriqu\u00e9 \u00e0 partir de mat\u00e9riaux de premi\u00e8re qualit\u00e9, le <strong>Evolti 1175S1<\/strong> garantit une long\u00e9vit\u00e9 exceptionnelle. Le <strong>laiton massif<\/strong>, utilis\u00e9 pour les pi\u00e8ces principales, offre une r\u00e9sistance accrue contre la corrosion et l\u2019usure quotidienne. La <strong>pomme de douche et la douchette \u00e0 main<\/strong>, en acier inoxydable, assurent non seulement une robustesse remarquable mais aussi un design raffin\u00e9 qui conserve son \u00e9clat m\u00eame apr\u00e8s des ann\u00e9es d\u2019utilisation.<\/p>\n<p>La <strong>finition chrom\u00e9e brillante<\/strong> est non seulement esth\u00e9tique mais \u00e9galement fonctionnelle, r\u00e9sistant aux rayures, aux taches et \u00e0 l\u2019accumulation de calcaire. Un entretien simple avec un chiffon doux suffit pour conserver son aspect neuf. Cette attention port\u00e9e aux mat\u00e9riaux garantit que cette colonne de douche restera un choix fiable et \u00e9l\u00e9gant pendant de nombreuses ann\u00e9es.<\/p>\n<hr \/>\n<h4><strong>Une Douche Multifonction pour un Confort Optimal<\/strong><\/h4>\n<p>Le <strong>Evolti 1175S1<\/strong> est con\u00e7u pour offrir une <strong>exp\u00e9rience de douche personnalis\u00e9e<\/strong>, s\u2019adaptant \u00e0 toutes vos pr\u00e9f\u00e9rences et besoins :<\/p>\n<ul>\n<li><strong>Pomme de douche effet pluie<\/strong> : La grande surface de diffusion offre un jet homog\u00e8ne et relaxant, id\u00e9al pour un moment de d\u00e9tente totale.<\/li>\n<li><strong>Douchette \u00e0 main<\/strong> : Ergonomique et pratique, elle est parfaite pour un usage cibl\u00e9, comme le lavage des cheveux, le rin\u00e7age ou le nettoyage de la cabine de douche.<\/li>\n<li><strong>Mitigeur thermostatique<\/strong> : Maintient une temp\u00e9rature stable, offrant s\u00e9curit\u00e9 et confort, m\u00eame si la pression de l\u2019eau fluctue.<\/li>\n<\/ul>\n<p>La transition entre les diff\u00e9rents modes de douche est fluide gr\u00e2ce au panneau de commande intuitif, con\u00e7u pour une manipulation ais\u00e9e.<\/p>\n<hr \/>\n<h4><strong>S\u00e9curit\u00e9 et Pr\u00e9cision avec le Thermostat Int\u00e9gr\u00e9<\/strong><\/h4>\n<p>Le <strong>mitigeur thermostatique<\/strong> du <strong>1175S1<\/strong> offre une s\u00e9curit\u00e9 optimale en maintenant une temp\u00e9rature constante. Cela \u00e9limine les risques de br\u00fblures dus \u00e0 des variations soudaines de temp\u00e9rature, garantissant une douche s\u00fbre pour toute la famille, y compris les enfants et les personnes \u00e2g\u00e9es.<\/p>\n<p>La <strong>cartouche c\u00e9ramique anti-fuite<\/strong>, int\u00e9gr\u00e9e au syst\u00e8me, assure un fonctionnement sans \u00e0-coups et prolonge la dur\u00e9e de vie du mitigeur. Cette technologie moderne r\u00e9duit \u00e9galement le gaspillage d\u2019eau en \u00e9vitant les gouttes et les fuites.<\/p>\n<hr \/>\n<h4><strong>Installation Facile et Universelle<\/strong><\/h4>\n<p>Le <strong>Evolti 1175S1<\/strong> est con\u00e7u pour s\u2019adapter facilement \u00e0 la plupart des configurations de salle de bain gr\u00e2ce \u00e0 son installation murale standard. Compatible avec les raccords universels, ce kit convient aussi bien aux nouvelles constructions qu\u2019aux r\u00e9novations.<\/p>\n<p>Les instructions incluses dans l\u2019emballage rendent l\u2019installation simple, rapide et sans stress, m\u00eame pour ceux qui ne sont pas des experts en plomberie. La structure ergonomique de la colonne garantit une fixation stable et durable.<\/p>\n<hr \/>\n<h4><strong>Une Solution \u00c9coresponsable et Performante<\/strong><\/h4>\n<p>En plus de son design \u00e9l\u00e9gant, le <strong>1175S1<\/strong> int\u00e8gre une <strong>technologie \u00e9coresponsable<\/strong> qui r\u00e9duit la consommation d\u2019eau sans compromettre la pression ou le confort d\u2019utilisation. Cela vous permet de profiter de douches luxueuses tout en contribuant \u00e0 la pr\u00e9servation des ressources naturelles et en r\u00e9duisant vos factures d\u2019eau.<\/p>\n<hr \/>\n<h4><strong>Adapt\u00e9 \u00e0 Toutes les Salles de Bain<\/strong><\/h4>\n<p>L\u2019ensemble de colonne de douche <strong>Evolti 1175S1<\/strong> est une solution id\u00e9ale pour toutes les salles de bain. Que vous cherchiez \u00e0 moderniser un espace existant ou \u00e0 concevoir une salle de bain \u00e9l\u00e9gante et fonctionnelle, cet ensemble r\u00e9pondra \u00e0 vos besoins avec style et praticit\u00e9.<\/p>\n<p>Avec son design intemporel, ses mat\u00e9riaux de qualit\u00e9 sup\u00e9rieure et ses fonctionnalit\u00e9s innovantes, le <strong>Evolti 1175S1<\/strong> est le choix parfait pour ceux qui recherchent une <strong>solution compl\u00e8te, durable et sophistiqu\u00e9e<\/strong>.<\/p>\n","protected":false},"excerpt":{"rendered":"<p>Une Colonne de Douche Compl\u00e8te et \u00c9l\u00e9gante Transformez votre salle de bain en un espace luxueux avec le Evolti 1175S1 Ensemble de Colonne de Douche Thermostatique. Con\u00e7u pour offrir une exp\u00e9rience de douche ultime, cet ensemble allie un design moderne et des fonctionnalit\u00e9s pratiques. Il comprend une pomme de douche large effet pluie, une douchette [&hellip;]<\/p>\n","protected":false},"featured_media":1915143,"comment_status":"open","ping_status":"closed","template":"","meta":{"_acf_changed":false,"site-sidebar-layout":"default","site-content-layout":"","ast-site-content-layout":"default","site-content-style":"default","site-sidebar-style":"default","ast-global-header-display":"","ast-banner-title-visibility":"","ast-main-header-display":"","ast-hfb-above-header-display":"","ast-hfb-below-header-display":"","ast-hfb-mobile-header-display":"","site-post-title":"","ast-breadcrumbs-content":"","ast-featured-img":"","footer-sml-layout":"","ast-disable-related-posts":"","theme-transparent-header-meta":"default","adv-header-id-meta":"","stick-header-meta":"default","header-above-stick-meta":"","header-main-stick-meta":"","header-below-stick-meta":"","astra-migrate-meta-layouts":"set","ast-page-background-enabled":"default","ast-page-background-meta":{"desktop":{"background-color":"var(--ast-global-color-4)","background-image":"","background-repeat":"repeat","background-position":"center center","background-size":"auto","background-attachment":"scroll","background-type":"","background-media":"","overlay-type":"","overlay-color":"","overlay-opacity":"","overlay-gradient":""},"tablet":{"background-color":"","background-image":"","background-repeat":"repeat","background-position":"center center","background-size":"auto","background-attachment":"scroll","background-type":"","background-media":"","overlay-type":"","overlay-color":"","overlay-opacity":"","overlay-gradient":""},"mobile":{"background-color":"","background-image":"","background-repeat":"repeat","background-position":"center center","background-size":"auto","background-attachment":"scroll","background-type":"","background-media":"","overlay-type":"","overlay-color":"","overlay-opacity":"","overlay-gradient":""}},"ast-content-background-meta":{"desktop":{"background-color":"var(--ast-global-color-5)","background-image":"","background-repeat":"repeat","background-position":"center center","background-size":"auto","background-attachment":"scroll","background-type":"","background-media":"","overlay-type":"","overlay-color":"","overlay-opacity":"","overlay-gradient":""},"tablet":{"background-color":"var(--ast-global-color-5)","background-image":"","background-repeat":"repeat","background-position":"center center","background-size":"auto","background-attachment":"scroll","background-type":"","background-media":"","overlay-type":"","overlay-color":"","overlay-opacity":"","overlay-gradient":""},"mobile":{"background-color":"var(--ast-global-color-5)","background-image":"","background-repeat":"repeat","background-position":"center center","background-size":"auto","background-attachment":"scroll","background-type":"","background-media":"","overlay-type":"","overlay-color":"","overlay-opacity":"","overlay-gradient":""}}},"product_brand":[],"product_cat":[171,135,153],"product_tag":[],"class_list":{"0":"post-1915142","1":"product","2":"type-product","3":"status-publish","4":"has-post-thumbnail","6":"merk-sagittarius-one","7":"product_cat-douchette-a-main","8":"product_cat-shopping-fr","9":"product_cat-tous-les-produits","10":"pa_kleur-chrome-fr","11":"desktop-align-left","12":"tablet-align-left","13":"mobile-align-left","14":"ast-product-gallery-layout-horizontal-slider","15":"ast-magnify-disabled","16":"ast-product-tabs-layout-horizontal","18":"first","19":"instock","20":"taxable","21":"shipping-taxable","22":"purchasable","23":"product-type-simple"},"acf":[],"_links":{"self":[{"href":"https:\/\/sagittarius-one.com\/fr\/wp-json\/wp\/v2\/product\/1915142","targetHints":{"allow":["GET"]}}],"collection":[{"href":"https:\/\/sagittarius-one.com\/fr\/wp-json\/wp\/v2\/product"}],"about":[{"href":"https:\/\/sagittarius-one.com\/fr\/wp-json\/wp\/v2\/types\/product"}],"replies":[{"embeddable":true,"href":"https:\/\/sagittarius-one.com\/fr\/wp-json\/wp\/v2\/comments?post=1915142"}],"wp:featuredmedia":[{"embeddable":true,"href":"https:\/\/sagittarius-one.com\/fr\/wp-json\/wp\/v2\/media\/1915143"}],"wp:attachment":[{"href":"https:\/\/sagittarius-one.com\/fr\/wp-json\/wp\/v2\/media?parent=1915142"}],"wp:term":[{"taxonomy":"product_brand","embeddable":true,"href":"https:\/\/sagittarius-one.com\/fr\/wp-json\/wp\/v2\/product_brand?post=1915142"},{"taxonomy":"product_cat","embeddable":true,"href":"https:\/\/sagittarius-one.com\/fr\/wp-json\/wp\/v2\/product_cat?post=1915142"},{"taxonomy":"product_tag","embeddable":true,"href":"https:\/\/sagittarius-one.com\/fr\/wp-json\/wp\/v2\/product_tag?post=1915142"}],"curies":[{"name":"wp","href":"https:\/\/api.w.org\/{rel}","templated":true}]}}