{"id":188792,"date":"2023-04-19T13:55:50","date_gmt":"2023-04-19T13:55:50","guid":{"rendered":"https:\/\/sagittarius-one.com\/?post_type=product&#038;p=188792"},"modified":"2023-07-27T12:41:31","modified_gmt":"2023-07-27T12:41:31","slug":"sagittarius-one-400s1-handdoekstang-chroom-2","status":"publish","type":"product","link":"https:\/\/sagittarius-one.com\/fr\/produit\/sagittarius-one-400s1-handdoekstang-chroom-2\/","title":{"rendered":"Sagittarius One 400S1 Porte Serviette Salle De Bain"},"content":{"rendered":"<p>Sagittarius One est synonyme de haute qualit\u00e9.<br \/>\nNotre vision est que nos designs modernes et notre haute qualit\u00e9 changeront le monde des sanitaires. Le porte-serviettes Sagittarius One 400S1 concr\u00e9tise cette vision.<\/p>\n<p>Un produit haut de gamme qui est un r\u00e9gal pour les yeux. Cela est d\u00fb en partie \u00e0 l\u2019acier inoxydable d\u2019excellente qualit\u00e9, qui est poli \u00e0 la perfection. Nous ne nous contenterons pas de moins ! Nous nous efforcerons toujours de maintenir la qualit\u00e9 \u00e9lev\u00e9e que nous d\u00e9fendons. Pour compl\u00e9ter la vision, notre produit a un design \u00e9pur\u00e9 et moderne qui r\u00e9volutionnera le monde des sanitaires ! Ce produit ne peut pas manquer dans votre salle de bains !<\/p>\n<p>Le porte-serviette Sagittarius One 400S1 est con\u00e7u pour \u00eatre solide et stable. Le porte-serviette \u00e0 l\u2019aspect chrom\u00e9 est fix\u00e9 fermement dans la position souhait\u00e9e au mur gr\u00e2ce \u00e0 un syst\u00e8me de montage astucieux, mais \u00e9l\u00e9gant. L\u2019unit\u00e9 semble assez lourde en main, car elle est con\u00e7ue pour supporter de lourdes serviettes mouill\u00e9es. L\u2019acier inoxydable (304) est poli \u00e0 la perfection pour obtenir une superbe finition chrom\u00e9e qui durera toujours.<\/p>\n<p>Son design \u00e9l\u00e9gant et contemporain signifie que vous pouvez utiliser le porte-serviettes 400S1 \u00e0 l\u2019aspect chrom\u00e9 presque partout dans votre maison. Comme porte-serviette de toilette, porte-serviette de cuisine ou porte-serviette \u00e0 main.<\/p>\n<p>Gr\u00e2ce \u00e0 la conception intelligente du syst\u00e8me de montage, seules deux vis et une vis Allen sont n\u00e9cessaires pour fixer au mur et s\u00e9curiser le porte-serviette 400S1. Une fois install\u00e9, aucune vis n\u2019est visible. Elles sont dissimul\u00e9es par des caches sp\u00e9ciaux pour assurer une apparence parfaite. Les vis et les chevilles sont incluses.<\/p>\n<p>N\u2019oubliez pas de jeter un coup d\u2019\u0153il \u00e0 tous les autres accessoires de salle de bains que Sagittarius One a \u00e0 offrir\u2009!<\/p>\n<p>Dimensions du produit (L x P x H) (400 x 48 x 48) mm &#038; (15,75&Prime; x 1,89&Prime; x 1,89&Prime;) pouces.<\/p>\n","protected":false},"excerpt":{"rendered":"<p>Sagittarius One est synonyme de haute qualit\u00e9. Notre vision est que nos designs modernes et notre haute qualit\u00e9 changeront le monde des sanitaires. Le porte-serviettes Sagittarius One 400S1 concr\u00e9tise cette vision. Un produit haut de gamme qui est un r\u00e9gal pour les yeux. Cela est d\u00fb en partie \u00e0 l\u2019acier inoxydable d\u2019excellente qualit\u00e9, qui est [&hellip;]<\/p>\n","protected":false},"featured_media":20438,"comment_status":"closed","ping_status":"closed","template":"","meta":{"_acf_changed":false,"site-sidebar-layout":"default","site-content-layout":"default","ast-site-content-layout":"default","site-content-style":"default","site-sidebar-style":"default","ast-global-header-display":"","ast-banner-title-visibility":"","ast-main-header-display":"","ast-hfb-above-header-display":"","ast-hfb-below-header-display":"","ast-hfb-mobile-header-display":"","site-post-title":"","ast-breadcrumbs-content":"","ast-featured-img":"","footer-sml-layout":"","ast-disable-related-posts":"","theme-transparent-header-meta":"default","adv-header-id-meta":"","stick-header-meta":"default","header-above-stick-meta":"","header-main-stick-meta":"","header-below-stick-meta":"","astra-migrate-meta-layouts":"default","ast-page-background-enabled":"default","ast-page-background-meta":{"desktop":{"background-color":"var(--ast-global-color-4)","background-image":"","background-repeat":"repeat","background-position":"center center","background-size":"auto","background-attachment":"scroll","background-type":"","background-media":"","overlay-type":"","overlay-color":"","overlay-opacity":"","overlay-gradient":""},"tablet":{"background-color":"","background-image":"","background-repeat":"repeat","background-position":"center center","background-size":"auto","background-attachment":"scroll","background-type":"","background-media":"","overlay-type":"","overlay-color":"","overlay-opacity":"","overlay-gradient":""},"mobile":{"background-color":"","background-image":"","background-repeat":"repeat","background-position":"center center","background-size":"auto","background-attachment":"scroll","background-type":"","background-media":"","overlay-type":"","overlay-color":"","overlay-opacity":"","overlay-gradient":""}},"ast-content-background-meta":{"desktop":{"background-color":"var(--ast-global-color-5)","background-image":"","background-repeat":"repeat","background-position":"center center","background-size":"auto","background-attachment":"scroll","background-type":"","background-media":"","overlay-type":"","overlay-color":"","overlay-opacity":"","overlay-gradient":""},"tablet":{"background-color":"var(--ast-global-color-5)","background-image":"","background-repeat":"repeat","background-position":"center center","background-size":"auto","background-attachment":"scroll","background-type":"","background-media":"","overlay-type":"","overlay-color":"","overlay-opacity":"","overlay-gradient":""},"mobile":{"background-color":"var(--ast-global-color-5)","background-image":"","background-repeat":"repeat","background-position":"center center","background-size":"auto","background-attachment":"scroll","background-type":"","background-media":"","overlay-type":"","overlay-color":"","overlay-opacity":"","overlay-gradient":""}}},"product_brand":[],"product_cat":[135,153],"product_tag":[],"class_list":{"0":"post-188792","1":"product","2":"type-product","3":"status-publish","4":"has-post-thumbnail","6":"product_cat-shopping-fr","7":"product_cat-tous-les-produits","8":"pa_kleur-chrome-fr","9":"desktop-align-left","10":"tablet-align-left","11":"mobile-align-left","12":"ast-product-gallery-layout-horizontal-slider","13":"ast-magnify-disabled","14":"ast-product-tabs-layout-horizontal","16":"first","17":"instock","18":"taxable","19":"shipping-taxable","20":"purchasable","21":"product-type-simple"},"acf":[],"_links":{"self":[{"href":"https:\/\/sagittarius-one.com\/fr\/wp-json\/wp\/v2\/product\/188792","targetHints":{"allow":["GET"]}}],"collection":[{"href":"https:\/\/sagittarius-one.com\/fr\/wp-json\/wp\/v2\/product"}],"about":[{"href":"https:\/\/sagittarius-one.com\/fr\/wp-json\/wp\/v2\/types\/product"}],"replies":[{"embeddable":true,"href":"https:\/\/sagittarius-one.com\/fr\/wp-json\/wp\/v2\/comments?post=188792"}],"wp:featuredmedia":[{"embeddable":true,"href":"https:\/\/sagittarius-one.com\/fr\/wp-json\/wp\/v2\/media\/20438"}],"wp:attachment":[{"href":"https:\/\/sagittarius-one.com\/fr\/wp-json\/wp\/v2\/media?parent=188792"}],"wp:term":[{"taxonomy":"product_brand","embeddable":true,"href":"https:\/\/sagittarius-one.com\/fr\/wp-json\/wp\/v2\/product_brand?post=188792"},{"taxonomy":"product_cat","embeddable":true,"href":"https:\/\/sagittarius-one.com\/fr\/wp-json\/wp\/v2\/product_cat?post=188792"},{"taxonomy":"product_tag","embeddable":true,"href":"https:\/\/sagittarius-one.com\/fr\/wp-json\/wp\/v2\/product_tag?post=188792"}],"curies":[{"name":"wp","href":"https:\/\/api.w.org\/{rel}","templated":true}]}}