{"id":1874192,"date":"2023-04-19T13:55:37","date_gmt":"2023-04-19T13:55:37","guid":{"rendered":"https:\/\/sagittarius-one.com\/?post_type=product&#038;p=1874192"},"modified":"2023-07-27T12:41:40","modified_gmt":"2023-07-27T12:41:40","slug":"sagittarius-one-32s1-handdoekhaakjes-zelfklevend-2-stuks-zwart-2","status":"publish","type":"product","link":"https:\/\/sagittarius-one.com\/fr\/produit\/sagittarius-one-32s1-handdoekhaakjes-zelfklevend-2-stuks-zwart-2\/","title":{"rendered":"Sagittarius One 32S1-B Crochets \u00e0 Serviettes Noirs 2 Pi\u00e8ce"},"content":{"rendered":"<p>Sagittarius One est synonyme de haute qualit\u00e9.<br \/>\nNotre vision est de changer le monde sanitaire avec nos designs modernes et notre qualit\u00e9 sup\u00e9rieure.<br \/>\nLe lot de crochets pour serviette Sagittarius One 32S1-B repr\u00e9sente cette vision.<\/p>\n<p>Un produit Top of the Line qui est \u00e9galement un produit qui ne manquera pas d&rsquo;attirer les regards. Cela est d\u00fb entre autres \u00e0 l&rsquo;excellente qualit\u00e9 du laiton parfaitement rev\u00eatu noir. En effet, quelque chose d&rsquo;autre ne nous rentre pas dans la maison. Notre objectif est toujours de fournir des produits de qualit\u00e9 sup\u00e9rieure pour lesquels nous sommes attach\u00e9s. Pour r\u00e9aliser notre vision, notre produit doit avoir un design ferme et moderne qui nous permet de faire face au monde sanitaire dans le monde entier. Ce produit ne doit manquer dans aucune salle de bain.<\/p>\n<p>Le lot de crochets pour serviette Sagittarius One 32S1-B est con\u00e7u pour \u00eatre solide et robuste. Cela est d\u00fb \u00e0 la construction du produit en laiton massif. Pour que la belle finition noire mate dure \u00e9ternellement, nous avons rev\u00eatu le lot de crochets pour serviettes 32S1-B.<\/p>\n<p>Le produit peut \u00eatre facilement accroch\u00e9 avec le ruban adh\u00e9sif puissant que nous utilisons. Cela signifie \u00e9galement que vous n&rsquo;avez pas besoin de percer votre mur. Un processus qui laisse des trous qui ne peuvent pas \u00eatre retourn\u00e9s. Avec ce kit, vous n&rsquo;aurez aucun probl\u00e8me. En raison de leur design compact, les crochets prennent tr\u00e8s peu de place et sont donc tr\u00e8s pratiques \u00e0 diff\u00e9rents endroits de la maison. De la salle de bain \u00e0 la cuisine.<\/p>\n<p>Jetez \u00e9galement un coup d&rsquo;\u0153il aux autres accessoires de salle de bain que Sagittarius One a \u00e0 offrir.<\/p>\n<p>Dimensions du produit (L x l x H) : 32 x 32 x 23 mm.<\/p>\n","protected":false},"excerpt":{"rendered":"<p>Sagittarius One est synonyme de haute qualit\u00e9. Notre vision est de changer le monde sanitaire avec nos designs modernes et notre qualit\u00e9 sup\u00e9rieure. Le lot de crochets pour serviette Sagittarius One 32S1-B repr\u00e9sente cette vision. Un produit Top of the Line qui est \u00e9galement un produit qui ne manquera pas d&rsquo;attirer les regards. Cela est [&hellip;]<\/p>\n","protected":false},"featured_media":20609,"comment_status":"closed","ping_status":"closed","template":"","meta":{"_acf_changed":false,"site-sidebar-layout":"default","site-content-layout":"default","ast-site-content-layout":"default","site-content-style":"default","site-sidebar-style":"default","ast-global-header-display":"","ast-banner-title-visibility":"","ast-main-header-display":"","ast-hfb-above-header-display":"","ast-hfb-below-header-display":"","ast-hfb-mobile-header-display":"","site-post-title":"","ast-breadcrumbs-content":"","ast-featured-img":"","footer-sml-layout":"","ast-disable-related-posts":"","theme-transparent-header-meta":"default","adv-header-id-meta":"","stick-header-meta":"default","header-above-stick-meta":"","header-main-stick-meta":"","header-below-stick-meta":"","astra-migrate-meta-layouts":"default","ast-page-background-enabled":"default","ast-page-background-meta":{"desktop":{"background-color":"var(--ast-global-color-4)","background-image":"","background-repeat":"repeat","background-position":"center center","background-size":"auto","background-attachment":"scroll","background-type":"","background-media":"","overlay-type":"","overlay-color":"","overlay-opacity":"","overlay-gradient":""},"tablet":{"background-color":"","background-image":"","background-repeat":"repeat","background-position":"center center","background-size":"auto","background-attachment":"scroll","background-type":"","background-media":"","overlay-type":"","overlay-color":"","overlay-opacity":"","overlay-gradient":""},"mobile":{"background-color":"","background-image":"","background-repeat":"repeat","background-position":"center center","background-size":"auto","background-attachment":"scroll","background-type":"","background-media":"","overlay-type":"","overlay-color":"","overlay-opacity":"","overlay-gradient":""}},"ast-content-background-meta":{"desktop":{"background-color":"var(--ast-global-color-5)","background-image":"","background-repeat":"repeat","background-position":"center center","background-size":"auto","background-attachment":"scroll","background-type":"","background-media":"","overlay-type":"","overlay-color":"","overlay-opacity":"","overlay-gradient":""},"tablet":{"background-color":"var(--ast-global-color-5)","background-image":"","background-repeat":"repeat","background-position":"center center","background-size":"auto","background-attachment":"scroll","background-type":"","background-media":"","overlay-type":"","overlay-color":"","overlay-opacity":"","overlay-gradient":""},"mobile":{"background-color":"var(--ast-global-color-5)","background-image":"","background-repeat":"repeat","background-position":"center center","background-size":"auto","background-attachment":"scroll","background-type":"","background-media":"","overlay-type":"","overlay-color":"","overlay-opacity":"","overlay-gradient":""}}},"product_brand":[],"product_cat":[135],"product_tag":[],"class_list":{"0":"post-1874192","1":"product","2":"type-product","3":"status-publish","4":"has-post-thumbnail","6":"product_cat-shopping-fr","7":"pa_kleur-noir","8":"desktop-align-left","9":"tablet-align-left","10":"mobile-align-left","11":"ast-product-gallery-layout-horizontal-slider","12":"ast-magnify-disabled","13":"ast-product-tabs-layout-horizontal","15":"first","16":"instock","17":"taxable","18":"shipping-taxable","19":"purchasable","20":"product-type-simple"},"acf":[],"_links":{"self":[{"href":"https:\/\/sagittarius-one.com\/fr\/wp-json\/wp\/v2\/product\/1874192","targetHints":{"allow":["GET"]}}],"collection":[{"href":"https:\/\/sagittarius-one.com\/fr\/wp-json\/wp\/v2\/product"}],"about":[{"href":"https:\/\/sagittarius-one.com\/fr\/wp-json\/wp\/v2\/types\/product"}],"replies":[{"embeddable":true,"href":"https:\/\/sagittarius-one.com\/fr\/wp-json\/wp\/v2\/comments?post=1874192"}],"wp:featuredmedia":[{"embeddable":true,"href":"https:\/\/sagittarius-one.com\/fr\/wp-json\/wp\/v2\/media\/20609"}],"wp:attachment":[{"href":"https:\/\/sagittarius-one.com\/fr\/wp-json\/wp\/v2\/media?parent=1874192"}],"wp:term":[{"taxonomy":"product_brand","embeddable":true,"href":"https:\/\/sagittarius-one.com\/fr\/wp-json\/wp\/v2\/product_brand?post=1874192"},{"taxonomy":"product_cat","embeddable":true,"href":"https:\/\/sagittarius-one.com\/fr\/wp-json\/wp\/v2\/product_cat?post=1874192"},{"taxonomy":"product_tag","embeddable":true,"href":"https:\/\/sagittarius-one.com\/fr\/wp-json\/wp\/v2\/product_tag?post=1874192"}],"curies":[{"name":"wp","href":"https:\/\/api.w.org\/{rel}","templated":true}]}}