{"id":186292,"date":"2023-04-19T13:55:36","date_gmt":"2023-04-19T13:55:36","guid":{"rendered":"https:\/\/sagittarius-one.com\/?post_type=product&#038;p=186292"},"modified":"2025-01-03T13:57:31","modified_gmt":"2025-01-03T13:57:31","slug":"sagittarius-one-160s1-wc-rolhouder-met-plankje-chroom-2","status":"publish","type":"product","link":"https:\/\/sagittarius-one.com\/fr\/produit\/sagittarius-one-160s1-wc-rolhouder-met-plankje-chroom-2\/","title":{"rendered":"Sagittarius One 160S1 Porte Papier Toilette Et \u00c9tag\u00e8re pour T\u00e9l\u00e9phone"},"content":{"rendered":"<p>Sagittarius One est synonyme de haute qualit\u00e9.<br \/>\nNotre vision est que nos designs modernes et notre haute qualit\u00e9 changeront le monde des sanitaires. Le porte-papier toilette noir Sagittarius One 160S1 concr\u00e9tise cette vision.<\/p>\n<p>EBC tekst 2<br \/>\nUn produit haut de gamme qui est un r\u00e9gal pour les yeux. Cela est d\u00fb en partie \u00e0 l\u2019acier inoxydable d\u2019excellente qualit\u00e9, qui est poli \u00e0 la perfection. Nous ne nous contenterons pas de moins ! Nous nous efforcerons toujours de maintenir la qualit\u00e9 \u00e9lev\u00e9e que nous d\u00e9fendons. Pour compl\u00e9ter la vision, notre produit a un design \u00e9pur\u00e9 et moderne qui r\u00e9volutionnera le monde des sanitaires ! Ce produit ne peut pas manquer dans votre salle de bains !<\/p>\n<p>Un design contemporain, fabriqu\u00e9 \u00e0 partir d\u2019acier inoxydable \u00e9pais de la meilleure qualit\u00e9 (poids 450 grammes.)<\/p>\n<p>EBC tekst 3<br \/>\nDe nos jours, les gens et leurs smartphones sont ins\u00e9parables. Nous utilisons m\u00eame notre t\u00e9l\u00e9phone aux toilettes. Vous pouvez d\u00e9sormais ranger votre t\u00e9l\u00e9phone en toute s\u00e9curit\u00e9 sur une luxueuse \u00e9tag\u00e8re tout en suivant votre routine et profiter de l\u2019apparence \u00e9l\u00e9gante de notre design raffin\u00e9.<\/p>\n<p>N\u2019oubliez pas de jeter un coup d\u2019\u0153il \u00e0 tous les autres accessoires de salle de bains que Sagittarius One a \u00e0 offrir\u2009!<\/p>\n<p>Dimensions du produit (L x P x H) (160 mm x 100 mm x 85 mm) (160 mm x 100mm x 85mm) &#038; (6.30&Prime; x 3.94&Prime; x 3.35&Prime;) pouces.<\/p>\n","protected":false},"excerpt":{"rendered":"<p>Sagittarius One est synonyme de haute qualit\u00e9. Notre vision est que nos designs modernes et notre haute qualit\u00e9 changeront le monde des sanitaires. Le porte-papier toilette noir Sagittarius One 160S1 concr\u00e9tise cette vision. EBC tekst 2 Un produit haut de gamme qui est un r\u00e9gal pour les yeux. Cela est d\u00fb en partie \u00e0 l\u2019acier [&hellip;]<\/p>\n","protected":false},"featured_media":20366,"comment_status":"closed","ping_status":"closed","template":"","meta":{"_acf_changed":false,"site-sidebar-layout":"default","site-content-layout":"default","ast-site-content-layout":"default","site-content-style":"default","site-sidebar-style":"default","ast-global-header-display":"","ast-banner-title-visibility":"","ast-main-header-display":"","ast-hfb-above-header-display":"","ast-hfb-below-header-display":"","ast-hfb-mobile-header-display":"","site-post-title":"","ast-breadcrumbs-content":"","ast-featured-img":"","footer-sml-layout":"","ast-disable-related-posts":"","theme-transparent-header-meta":"default","adv-header-id-meta":"","stick-header-meta":"default","header-above-stick-meta":"","header-main-stick-meta":"","header-below-stick-meta":"","astra-migrate-meta-layouts":"set","ast-page-background-enabled":"default","ast-page-background-meta":{"desktop":{"background-color":"var(--ast-global-color-4)","background-image":"","background-repeat":"repeat","background-position":"center center","background-size":"auto","background-attachment":"scroll","background-type":"","background-media":"","overlay-type":"","overlay-color":"","overlay-opacity":"","overlay-gradient":""},"tablet":{"background-color":"","background-image":"","background-repeat":"repeat","background-position":"center center","background-size":"auto","background-attachment":"scroll","background-type":"","background-media":"","overlay-type":"","overlay-color":"","overlay-opacity":"","overlay-gradient":""},"mobile":{"background-color":"","background-image":"","background-repeat":"repeat","background-position":"center center","background-size":"auto","background-attachment":"scroll","background-type":"","background-media":"","overlay-type":"","overlay-color":"","overlay-opacity":"","overlay-gradient":""}},"ast-content-background-meta":{"desktop":{"background-color":"var(--ast-global-color-5)","background-image":"","background-repeat":"repeat","background-position":"center center","background-size":"auto","background-attachment":"scroll","background-type":"","background-media":"","overlay-type":"","overlay-color":"","overlay-opacity":"","overlay-gradient":""},"tablet":{"background-color":"var(--ast-global-color-5)","background-image":"","background-repeat":"repeat","background-position":"center center","background-size":"auto","background-attachment":"scroll","background-type":"","background-media":"","overlay-type":"","overlay-color":"","overlay-opacity":"","overlay-gradient":""},"mobile":{"background-color":"var(--ast-global-color-5)","background-image":"","background-repeat":"repeat","background-position":"center center","background-size":"auto","background-attachment":"scroll","background-type":"","background-media":"","overlay-type":"","overlay-color":"","overlay-opacity":"","overlay-gradient":""}}},"product_brand":[],"product_cat":[135],"product_tag":[],"class_list":{"0":"post-186292","1":"product","2":"type-product","3":"status-publish","4":"has-post-thumbnail","6":"merk-sagittarius-one","7":"product_cat-shopping-fr","8":"pa_kleur-chrome-fr","9":"desktop-align-left","10":"tablet-align-left","11":"mobile-align-left","12":"ast-product-gallery-layout-horizontal-slider","13":"ast-magnify-disabled","14":"ast-product-tabs-layout-horizontal","16":"first","17":"instock","18":"taxable","19":"shipping-taxable","20":"purchasable","21":"product-type-simple"},"acf":[],"_links":{"self":[{"href":"https:\/\/sagittarius-one.com\/fr\/wp-json\/wp\/v2\/product\/186292","targetHints":{"allow":["GET"]}}],"collection":[{"href":"https:\/\/sagittarius-one.com\/fr\/wp-json\/wp\/v2\/product"}],"about":[{"href":"https:\/\/sagittarius-one.com\/fr\/wp-json\/wp\/v2\/types\/product"}],"replies":[{"embeddable":true,"href":"https:\/\/sagittarius-one.com\/fr\/wp-json\/wp\/v2\/comments?post=186292"}],"wp:featuredmedia":[{"embeddable":true,"href":"https:\/\/sagittarius-one.com\/fr\/wp-json\/wp\/v2\/media\/20366"}],"wp:attachment":[{"href":"https:\/\/sagittarius-one.com\/fr\/wp-json\/wp\/v2\/media?parent=186292"}],"wp:term":[{"taxonomy":"product_brand","embeddable":true,"href":"https:\/\/sagittarius-one.com\/fr\/wp-json\/wp\/v2\/product_brand?post=186292"},{"taxonomy":"product_cat","embeddable":true,"href":"https:\/\/sagittarius-one.com\/fr\/wp-json\/wp\/v2\/product_cat?post=186292"},{"taxonomy":"product_tag","embeddable":true,"href":"https:\/\/sagittarius-one.com\/fr\/wp-json\/wp\/v2\/product_tag?post=186292"}],"curies":[{"name":"wp","href":"https:\/\/api.w.org\/{rel}","templated":true}]}}