{"id":1856192,"date":"2023-04-19T13:55:36","date_gmt":"2023-04-19T13:55:36","guid":{"rendered":"https:\/\/sagittarius-one.com\/?post_type=product&#038;p=1856192"},"modified":"2023-07-27T12:41:36","modified_gmt":"2023-07-27T12:41:36","slug":"sagittarius-one-141s1-wc-rolhouder-zwart-2","status":"publish","type":"product","link":"https:\/\/sagittarius-one.com\/fr\/produit\/sagittarius-one-141s1-wc-rolhouder-zwart-2\/","title":{"rendered":"Sagittarius One 141S1-B Porte Papier Toilette Noir Mural"},"content":{"rendered":"<p>Sagittarius One est synonyme de haute qualit\u00e9.<br \/>\nNotre vision est que nos designs modernes et notre haute qualit\u00e9 changeront le monde des sanitaires. Le porte-papier toilette Sagittarius One 141S1-B concr\u00e9tise cette vision.<\/p>\n<p>Un produit haut de gamme qui est un r\u00e9gal pour les yeux. Cela est d\u00fb en partie au zinc d\u2019excellente qualit\u00e9 avec un rev\u00eatement noir parfait. Nous ne nous contenterons pas de moins ! Nous nous efforcerons toujours de maintenir la qualit\u00e9 \u00e9lev\u00e9e que nous d\u00e9fendons. Pour compl\u00e9ter la vision, notre produit a un design \u00e9pur\u00e9 et moderne qui r\u00e9volutionnera le monde des sanitaires ! Ce produit ne peut pas manquer dans votre salle de bains !<\/p>\n<p>Le porte-papier toilette a un design subtil et s\u2019adapte \u00e0 de nombreux styles d\u2019int\u00e9rieurs. Le produit semble lourd dans vos mains, car nous ne l\u00e9sinons pas sur la qualit\u00e9 et ne choisissons que des mat\u00e9riaux solides. Le porte-rouleau de papier toilette en zinc massif est rev\u00eatu par \u00e9lectrophor\u00e8se pour obtenir une magnifique finition noire mate qui durera pour toujours. Vous n\u2019avez pas non plus \u00e0 vous inqui\u00e9ter de savoir si votre rouleau de papier toilette conviendra au support. Gr\u00e2ce \u00e0 son design spacieux, vous pouvez facilement placer un rouleau de papier toilette \u00e0 4 plis sur le support !<br \/>\nN\u2019oubliez pas de jeter un coup d\u2019\u0153il aux autres accessoires de salle de bains que Sagittarius One propose !<\/p>\n<p>Dimensions du produit (L x P x H) (140 x 80 x 75) mm &#038; (5.51\u201d x 3.15\u201d x 2.95\u201d) pouces.<\/p>\n","protected":false},"excerpt":{"rendered":"<p>Sagittarius One est synonyme de haute qualit\u00e9. Notre vision est que nos designs modernes et notre haute qualit\u00e9 changeront le monde des sanitaires. Le porte-papier toilette Sagittarius One 141S1-B concr\u00e9tise cette vision. Un produit haut de gamme qui est un r\u00e9gal pour les yeux. Cela est d\u00fb en partie au zinc d\u2019excellente qualit\u00e9 avec un [&hellip;]<\/p>\n","protected":false},"featured_media":20228,"comment_status":"closed","ping_status":"closed","template":"","meta":{"_acf_changed":false,"site-sidebar-layout":"default","site-content-layout":"default","ast-site-content-layout":"default","site-content-style":"default","site-sidebar-style":"default","ast-global-header-display":"","ast-banner-title-visibility":"","ast-main-header-display":"","ast-hfb-above-header-display":"","ast-hfb-below-header-display":"","ast-hfb-mobile-header-display":"","site-post-title":"","ast-breadcrumbs-content":"","ast-featured-img":"","footer-sml-layout":"","ast-disable-related-posts":"","theme-transparent-header-meta":"default","adv-header-id-meta":"","stick-header-meta":"default","header-above-stick-meta":"","header-main-stick-meta":"","header-below-stick-meta":"","astra-migrate-meta-layouts":"default","ast-page-background-enabled":"default","ast-page-background-meta":{"desktop":{"background-color":"var(--ast-global-color-4)","background-image":"","background-repeat":"repeat","background-position":"center center","background-size":"auto","background-attachment":"scroll","background-type":"","background-media":"","overlay-type":"","overlay-color":"","overlay-opacity":"","overlay-gradient":""},"tablet":{"background-color":"","background-image":"","background-repeat":"repeat","background-position":"center center","background-size":"auto","background-attachment":"scroll","background-type":"","background-media":"","overlay-type":"","overlay-color":"","overlay-opacity":"","overlay-gradient":""},"mobile":{"background-color":"","background-image":"","background-repeat":"repeat","background-position":"center center","background-size":"auto","background-attachment":"scroll","background-type":"","background-media":"","overlay-type":"","overlay-color":"","overlay-opacity":"","overlay-gradient":""}},"ast-content-background-meta":{"desktop":{"background-color":"var(--ast-global-color-5)","background-image":"","background-repeat":"repeat","background-position":"center center","background-size":"auto","background-attachment":"scroll","background-type":"","background-media":"","overlay-type":"","overlay-color":"","overlay-opacity":"","overlay-gradient":""},"tablet":{"background-color":"var(--ast-global-color-5)","background-image":"","background-repeat":"repeat","background-position":"center center","background-size":"auto","background-attachment":"scroll","background-type":"","background-media":"","overlay-type":"","overlay-color":"","overlay-opacity":"","overlay-gradient":""},"mobile":{"background-color":"var(--ast-global-color-5)","background-image":"","background-repeat":"repeat","background-position":"center center","background-size":"auto","background-attachment":"scroll","background-type":"","background-media":"","overlay-type":"","overlay-color":"","overlay-opacity":"","overlay-gradient":""}}},"product_brand":[],"product_cat":[135],"product_tag":[],"class_list":{"0":"post-1856192","1":"product","2":"type-product","3":"status-publish","4":"has-post-thumbnail","6":"product_cat-shopping-fr","7":"pa_kleur-noir","8":"desktop-align-left","9":"tablet-align-left","10":"mobile-align-left","11":"ast-product-gallery-layout-horizontal-slider","12":"ast-magnify-disabled","13":"ast-product-tabs-layout-horizontal","15":"first","16":"instock","17":"taxable","18":"shipping-taxable","19":"purchasable","20":"product-type-simple"},"acf":[],"_links":{"self":[{"href":"https:\/\/sagittarius-one.com\/fr\/wp-json\/wp\/v2\/product\/1856192","targetHints":{"allow":["GET"]}}],"collection":[{"href":"https:\/\/sagittarius-one.com\/fr\/wp-json\/wp\/v2\/product"}],"about":[{"href":"https:\/\/sagittarius-one.com\/fr\/wp-json\/wp\/v2\/types\/product"}],"replies":[{"embeddable":true,"href":"https:\/\/sagittarius-one.com\/fr\/wp-json\/wp\/v2\/comments?post=1856192"}],"wp:featuredmedia":[{"embeddable":true,"href":"https:\/\/sagittarius-one.com\/fr\/wp-json\/wp\/v2\/media\/20228"}],"wp:attachment":[{"href":"https:\/\/sagittarius-one.com\/fr\/wp-json\/wp\/v2\/media?parent=1856192"}],"wp:term":[{"taxonomy":"product_brand","embeddable":true,"href":"https:\/\/sagittarius-one.com\/fr\/wp-json\/wp\/v2\/product_brand?post=1856192"},{"taxonomy":"product_cat","embeddable":true,"href":"https:\/\/sagittarius-one.com\/fr\/wp-json\/wp\/v2\/product_cat?post=1856192"},{"taxonomy":"product_tag","embeddable":true,"href":"https:\/\/sagittarius-one.com\/fr\/wp-json\/wp\/v2\/product_tag?post=1856192"}],"curies":[{"name":"wp","href":"https:\/\/api.w.org\/{rel}","templated":true}]}}