{"id":184792,"date":"2023-04-19T13:55:27","date_gmt":"2023-04-19T13:55:27","guid":{"rendered":"https:\/\/sagittarius-one.com\/?post_type=product&#038;p=184792"},"modified":"2023-07-27T12:41:27","modified_gmt":"2023-07-27T12:41:27","slug":"sagittarius-one-44s1-keukenkraan-chroom-2","status":"publish","type":"product","link":"https:\/\/sagittarius-one.com\/fr\/produit\/sagittarius-one-44s1-keukenkraan-chroom-2\/","title":{"rendered":"Sagittarius One 44S1 Robinet de Cuisine"},"content":{"rendered":"<p>Sagittarius One est synonyme de haute qualit\u00e9.<br \/>\nNotre vision est que nos designs modernes et notre haute qualit\u00e9 changeront le monde des sanitaires. Le robinet de cuisine Sagittarius One 44S1 concr\u00e9tise cette vision.<\/p>\n<p>Un produit haut de gamme qui est un r\u00e9gal pour les yeux. Cela est d\u00fb en partie au laiton d\u2019excellente qualit\u00e9 et chrom\u00e9 \u00e0 la perfection. Nous ne nous contenterons pas de moins ! Nous nous efforcerons toujours de maintenir la qualit\u00e9 \u00e9lev\u00e9e que nous d\u00e9fendons. Pour compl\u00e9ter la vision, notre produit a un design \u00e9pur\u00e9 et moderne qui r\u00e9volutionnera le monde des sanitaires ! Ce produit ne peut pas manquer dans votre cuisine !<br \/>\nUn design inspir\u00e9 du c\u00e9l\u00e8bre Louvre de Paris et le choix d\u2019excellents mat\u00e9riaux du robinet de cuisine 44S1 de Sagittarius One ne manqueront pas d\u2019attirer les regards. Ainsi, vous obtenez non seulement un robinet dans votre maison, mais aussi une belle pi\u00e8ce de design.<\/p>\n<p>Le robinet de cuisine Sagittarius One 44S1 n\u2019a pas seulement un beau design, mais il est aussi de grande qualit\u00e9 et assure une hygi\u00e8ne optimale !<\/p>\n<p>Le bo\u00eetier est fabriqu\u00e9 en laiton de qualit\u00e9 A et usin\u00e9 par une machine CNC avec la plus grande pr\u00e9cision afin de maximiser les lignes \u00e9pur\u00e9es. Le chrome est ensuite appliqu\u00e9 en plusieurs couches pour repousser la corrosion et conf\u00e9rer un \u00e9clat profond qui durera toute une vie.<br \/>\nPour la cartouche, nous avons choisi CITEC, qui produit les meilleures cartouches en c\u00e9ramique du march\u00e9. Ces cartouches garantissent que le levier s\u2019ouvre et se ferme en douceur et ne fuit pas, m\u00eame apr\u00e8s plus de 500 000 utilisations.<br \/>\nNous utilisons \u00e9galement un a\u00e9rateur de la marque suisse Neoperl. Cela permet d\u2019assurer un \u00e9coulement optimal de l\u2019eau afin d\u2019\u00e9viter les \u00e9claboussures et d\u2019emp\u00eacher la propagation de bact\u00e9ries telles que la l\u00e9gionellose, entre autres.<br \/>\nN\u2019oubliez pas de jeter un coup d\u2019\u0153il aux autres accessoires de salle de bains que Sagittarius One propose !<br \/>\nDimensions du produit (L x P x H) (244 x 115 x 306) mm &#038; (9.60\u201c x 4.53\u201c x 12.05\u201c) pouces.<\/p>\n","protected":false},"excerpt":{"rendered":"<p>Sagittarius One est synonyme de haute qualit\u00e9. Notre vision est que nos designs modernes et notre haute qualit\u00e9 changeront le monde des sanitaires. Le robinet de cuisine Sagittarius One 44S1 concr\u00e9tise cette vision. Un produit haut de gamme qui est un r\u00e9gal pour les yeux. Cela est d\u00fb en partie au laiton d\u2019excellente qualit\u00e9 et [&hellip;]<\/p>\n","protected":false},"featured_media":20168,"comment_status":"closed","ping_status":"closed","template":"","meta":{"_acf_changed":false,"site-sidebar-layout":"default","site-content-layout":"default","ast-site-content-layout":"default","site-content-style":"default","site-sidebar-style":"default","ast-global-header-display":"","ast-banner-title-visibility":"","ast-main-header-display":"","ast-hfb-above-header-display":"","ast-hfb-below-header-display":"","ast-hfb-mobile-header-display":"","site-post-title":"","ast-breadcrumbs-content":"","ast-featured-img":"","footer-sml-layout":"","ast-disable-related-posts":"","theme-transparent-header-meta":"default","adv-header-id-meta":"","stick-header-meta":"default","header-above-stick-meta":"","header-main-stick-meta":"","header-below-stick-meta":"","astra-migrate-meta-layouts":"default","ast-page-background-enabled":"default","ast-page-background-meta":{"desktop":{"background-color":"var(--ast-global-color-4)","background-image":"","background-repeat":"repeat","background-position":"center center","background-size":"auto","background-attachment":"scroll","background-type":"","background-media":"","overlay-type":"","overlay-color":"","overlay-opacity":"","overlay-gradient":""},"tablet":{"background-color":"","background-image":"","background-repeat":"repeat","background-position":"center center","background-size":"auto","background-attachment":"scroll","background-type":"","background-media":"","overlay-type":"","overlay-color":"","overlay-opacity":"","overlay-gradient":""},"mobile":{"background-color":"","background-image":"","background-repeat":"repeat","background-position":"center center","background-size":"auto","background-attachment":"scroll","background-type":"","background-media":"","overlay-type":"","overlay-color":"","overlay-opacity":"","overlay-gradient":""}},"ast-content-background-meta":{"desktop":{"background-color":"var(--ast-global-color-5)","background-image":"","background-repeat":"repeat","background-position":"center center","background-size":"auto","background-attachment":"scroll","background-type":"","background-media":"","overlay-type":"","overlay-color":"","overlay-opacity":"","overlay-gradient":""},"tablet":{"background-color":"var(--ast-global-color-5)","background-image":"","background-repeat":"repeat","background-position":"center center","background-size":"auto","background-attachment":"scroll","background-type":"","background-media":"","overlay-type":"","overlay-color":"","overlay-opacity":"","overlay-gradient":""},"mobile":{"background-color":"var(--ast-global-color-5)","background-image":"","background-repeat":"repeat","background-position":"center center","background-size":"auto","background-attachment":"scroll","background-type":"","background-media":"","overlay-type":"","overlay-color":"","overlay-opacity":"","overlay-gradient":""}}},"product_brand":[],"product_cat":[173,135],"product_tag":[],"class_list":{"0":"post-184792","1":"product","2":"type-product","3":"status-publish","4":"has-post-thumbnail","6":"product_cat-robinets","7":"product_cat-shopping-fr","8":"pa_kleur-chrome-fr","9":"desktop-align-left","10":"tablet-align-left","11":"mobile-align-left","12":"ast-product-gallery-layout-horizontal-slider","13":"ast-magnify-disabled","14":"ast-product-tabs-layout-horizontal","16":"first","17":"instock","18":"taxable","19":"shipping-taxable","20":"purchasable","21":"product-type-simple"},"acf":[],"_links":{"self":[{"href":"https:\/\/sagittarius-one.com\/fr\/wp-json\/wp\/v2\/product\/184792","targetHints":{"allow":["GET"]}}],"collection":[{"href":"https:\/\/sagittarius-one.com\/fr\/wp-json\/wp\/v2\/product"}],"about":[{"href":"https:\/\/sagittarius-one.com\/fr\/wp-json\/wp\/v2\/types\/product"}],"replies":[{"embeddable":true,"href":"https:\/\/sagittarius-one.com\/fr\/wp-json\/wp\/v2\/comments?post=184792"}],"wp:featuredmedia":[{"embeddable":true,"href":"https:\/\/sagittarius-one.com\/fr\/wp-json\/wp\/v2\/media\/20168"}],"wp:attachment":[{"href":"https:\/\/sagittarius-one.com\/fr\/wp-json\/wp\/v2\/media?parent=184792"}],"wp:term":[{"taxonomy":"product_brand","embeddable":true,"href":"https:\/\/sagittarius-one.com\/fr\/wp-json\/wp\/v2\/product_brand?post=184792"},{"taxonomy":"product_cat","embeddable":true,"href":"https:\/\/sagittarius-one.com\/fr\/wp-json\/wp\/v2\/product_cat?post=184792"},{"taxonomy":"product_tag","embeddable":true,"href":"https:\/\/sagittarius-one.com\/fr\/wp-json\/wp\/v2\/product_tag?post=184792"}],"curies":[{"name":"wp","href":"https:\/\/api.w.org\/{rel}","templated":true}]}}