{"id":182992,"date":"2023-04-19T13:55:23","date_gmt":"2023-04-19T13:55:23","guid":{"rendered":"https:\/\/sagittarius-one.com\/?post_type=product&#038;p=182992"},"modified":"2023-07-27T12:41:25","modified_gmt":"2023-07-27T12:41:25","slug":"sagittarius-one-70s1-tandenborstelbeker-chroom-2","status":"publish","type":"product","link":"https:\/\/sagittarius-one.com\/fr\/produit\/sagittarius-one-70s1-tandenborstelbeker-chroom-2\/","title":{"rendered":"Sagittarius One 70S1 Porte Brosse \u00c0 Dents Mural"},"content":{"rendered":"<p>Sagittarius One est synonyme de haute qualit\u00e9.<br \/>\nNotre vision est que nos designs modernes et notre haute qualit\u00e9 changeront le monde des sanitaires. Le porte-brosse \u00e0 dents Sagittarius One 70S1 concr\u00e9tise cette vision.<\/p>\n<p>Un produit haut de gamme qui est un r\u00e9gal pour les yeux. Cela est d\u00fb en partie au zinc d\u2019excellente qualit\u00e9 et chrom\u00e9 \u00e0 la perfection. Nous ne nous contenterons pas de moins ! Nous nous efforcerons toujours de maintenir la qualit\u00e9 \u00e9lev\u00e9e que nous d\u00e9fendons. Pour compl\u00e9ter la vision, notre produit a un design \u00e9pur\u00e9 et moderne qui r\u00e9volutionnera le monde des sanitaires ! Ce produit ne peut pas manquer dans votre salle de bains !<br \/>\nLe porte-brosse \u00e0 dents Sagittarius One 70S1 est un concept traditionnel, mais avec un design \u00e9pur\u00e9 et moderne. Ce porte-brosse \u00e0 dents peut facilement accueillir toutes vos brosses \u00e0 dents et t\u00eates de brosses \u00e0 dents \u00e9lectriques. Le verre, facilement amovible, permet de nettoyer facilement le support. <\/p>\n<p>Le porte-brosse \u00e0 dents a un design subtil et se combine parfaitement avec les autres accessoires de salle de bains de Sagittarius One. Le produit est fabriqu\u00e9 en zinc massif et b\u00e9n\u00e9ficie d\u2019un rev\u00eatement chrom\u00e9 sp\u00e9cial qui lui conf\u00e8re une finition brillante et durable.<br \/>\nLe porte-brosse \u00e0 dents 70S1 est facile \u00e0 installer \u00e0 l\u2019aide de deux vis. Les vis et les chevilles sont incluses.<br \/>\nN\u2019oubliez pas de jeter un coup d\u2019\u0153il aux autres accessoires de salle de bains que Sagittarius One propose !<br \/>\nDimensions (L x P x H) (75 x 95 x 105) mm &#038; (2.95\u201d x 3.74\u201d x 4.13\u201d) pouces.<\/p>\n","protected":false},"excerpt":{"rendered":"<p>Sagittarius One est synonyme de haute qualit\u00e9. Notre vision est que nos designs modernes et notre haute qualit\u00e9 changeront le monde des sanitaires. Le porte-brosse \u00e0 dents Sagittarius One 70S1 concr\u00e9tise cette vision. Un produit haut de gamme qui est un r\u00e9gal pour les yeux. Cela est d\u00fb en partie au zinc d\u2019excellente qualit\u00e9 et [&hellip;]<\/p>\n","protected":false},"featured_media":20201,"comment_status":"closed","ping_status":"closed","template":"","meta":{"_acf_changed":false,"site-sidebar-layout":"default","site-content-layout":"default","ast-site-content-layout":"default","site-content-style":"default","site-sidebar-style":"default","ast-global-header-display":"","ast-banner-title-visibility":"","ast-main-header-display":"","ast-hfb-above-header-display":"","ast-hfb-below-header-display":"","ast-hfb-mobile-header-display":"","site-post-title":"","ast-breadcrumbs-content":"","ast-featured-img":"","footer-sml-layout":"","ast-disable-related-posts":"","theme-transparent-header-meta":"default","adv-header-id-meta":"","stick-header-meta":"default","header-above-stick-meta":"","header-main-stick-meta":"","header-below-stick-meta":"","astra-migrate-meta-layouts":"default","ast-page-background-enabled":"default","ast-page-background-meta":{"desktop":{"background-color":"var(--ast-global-color-4)","background-image":"","background-repeat":"repeat","background-position":"center center","background-size":"auto","background-attachment":"scroll","background-type":"","background-media":"","overlay-type":"","overlay-color":"","overlay-opacity":"","overlay-gradient":""},"tablet":{"background-color":"","background-image":"","background-repeat":"repeat","background-position":"center center","background-size":"auto","background-attachment":"scroll","background-type":"","background-media":"","overlay-type":"","overlay-color":"","overlay-opacity":"","overlay-gradient":""},"mobile":{"background-color":"","background-image":"","background-repeat":"repeat","background-position":"center center","background-size":"auto","background-attachment":"scroll","background-type":"","background-media":"","overlay-type":"","overlay-color":"","overlay-opacity":"","overlay-gradient":""}},"ast-content-background-meta":{"desktop":{"background-color":"var(--ast-global-color-5)","background-image":"","background-repeat":"repeat","background-position":"center center","background-size":"auto","background-attachment":"scroll","background-type":"","background-media":"","overlay-type":"","overlay-color":"","overlay-opacity":"","overlay-gradient":""},"tablet":{"background-color":"var(--ast-global-color-5)","background-image":"","background-repeat":"repeat","background-position":"center center","background-size":"auto","background-attachment":"scroll","background-type":"","background-media":"","overlay-type":"","overlay-color":"","overlay-opacity":"","overlay-gradient":""},"mobile":{"background-color":"var(--ast-global-color-5)","background-image":"","background-repeat":"repeat","background-position":"center center","background-size":"auto","background-attachment":"scroll","background-type":"","background-media":"","overlay-type":"","overlay-color":"","overlay-opacity":"","overlay-gradient":""}}},"product_brand":[],"product_cat":[135],"product_tag":[],"class_list":{"0":"post-182992","1":"product","2":"type-product","3":"status-publish","4":"has-post-thumbnail","6":"product_cat-shopping-fr","7":"pa_kleur-chrome-fr","8":"desktop-align-left","9":"tablet-align-left","10":"mobile-align-left","11":"ast-product-gallery-layout-horizontal-slider","12":"ast-magnify-disabled","13":"ast-product-tabs-layout-horizontal","15":"first","16":"instock","17":"taxable","18":"shipping-taxable","19":"purchasable","20":"product-type-simple"},"acf":[],"_links":{"self":[{"href":"https:\/\/sagittarius-one.com\/fr\/wp-json\/wp\/v2\/product\/182992","targetHints":{"allow":["GET"]}}],"collection":[{"href":"https:\/\/sagittarius-one.com\/fr\/wp-json\/wp\/v2\/product"}],"about":[{"href":"https:\/\/sagittarius-one.com\/fr\/wp-json\/wp\/v2\/types\/product"}],"replies":[{"embeddable":true,"href":"https:\/\/sagittarius-one.com\/fr\/wp-json\/wp\/v2\/comments?post=182992"}],"wp:featuredmedia":[{"embeddable":true,"href":"https:\/\/sagittarius-one.com\/fr\/wp-json\/wp\/v2\/media\/20201"}],"wp:attachment":[{"href":"https:\/\/sagittarius-one.com\/fr\/wp-json\/wp\/v2\/media?parent=182992"}],"wp:term":[{"taxonomy":"product_brand","embeddable":true,"href":"https:\/\/sagittarius-one.com\/fr\/wp-json\/wp\/v2\/product_brand?post=182992"},{"taxonomy":"product_cat","embeddable":true,"href":"https:\/\/sagittarius-one.com\/fr\/wp-json\/wp\/v2\/product_cat?post=182992"},{"taxonomy":"product_tag","embeddable":true,"href":"https:\/\/sagittarius-one.com\/fr\/wp-json\/wp\/v2\/product_tag?post=182992"}],"curies":[{"name":"wp","href":"https:\/\/api.w.org\/{rel}","templated":true}]}}