{"id":182392,"date":"2023-04-19T13:55:22","date_gmt":"2023-04-19T13:55:22","guid":{"rendered":"https:\/\/sagittarius-one.com\/?post_type=product&#038;p=182392"},"modified":"2023-07-27T12:41:25","modified_gmt":"2023-07-27T12:41:25","slug":"sagittarius-one-30s1-tandenborstelhouder-chroom-2","status":"publish","type":"product","link":"https:\/\/sagittarius-one.com\/fr\/produit\/sagittarius-one-30s1-tandenborstelhouder-chroom-2\/","title":{"rendered":"Sagittarius One 30S1 Porte Brosse \u00c0 Dents Mural"},"content":{"rendered":"<p>Sagittarius One est synonyme de haute qualit\u00e9.<br \/>\nNotre vision est que nos designs modernes et notre haute qualit\u00e9 changeront le monde des sanitaires. Le porte-brosse \u00e0 dents Sagittarius One 30S1 concr\u00e9tise cette vision.<\/p>\n<p>Un produit haut de gamme qui est un r\u00e9gal pour les yeux. Cela est d\u00fb en partie \u00e0 l\u2019acier inoxydable d\u2019excellente qualit\u00e9 et chrom\u00e9 \u00e0 la perfection. Nous ne nous contenterons pas de moins ! Nous nous efforcerons toujours de maintenir la qualit\u00e9 \u00e9lev\u00e9e que nous d\u00e9fendons. Pour compl\u00e9ter la vision, notre produit a un design \u00e9pur\u00e9 et moderne qui r\u00e9volutionnera le monde des sanitaires ! Ce produit ne peut pas manquer dans votre salle de bains !<br \/>\nIl y a peu d\u2019innovations dans le monde des sanitaires aujourd\u2019hui. Mais le porte-brosse \u00e0 dents Sagittarius One 30S1 est une exception ! Gr\u00e2ce \u00e0 son design simple et \u00e9l\u00e9gant, vous pouvez d\u00e9sormais ranger facilement vos brosses \u00e0 dents et les accessoires de brosses \u00e0 dents \u00e9lectriques. Il est \u00e9galement beaucoup plus hygi\u00e9nique que les gobelets \u00e0 brosses \u00e0 dents traditionnels o\u00f9 de la moisissure se d\u00e9veloppe souvent et o\u00f9 des bact\u00e9ries s\u2019accumulent. Avec notre porte-brosse \u00e0 dents, vous n\u2019aurez plus \u00e0 faire face \u00e0 ce probl\u00e8me !<\/p>\n<p>Le porte-brosse \u00e0 dents a un design subtil et se combine parfaitement avec les autres accessoires de salle de bains de Sagittarius One. Le produit est fabriqu\u00e9 en acier inoxydable et b\u00e9n\u00e9ficie d\u2019un rev\u00eatement chrom\u00e9 sp\u00e9cial qui lui conf\u00e8re une finition brillante et durable.<br \/>\nLe porte-brosse \u00e0 dents s\u2019installe en quelques secondes \u00e0 l\u2019aide d\u2019un kit sp\u00e9cial. Apr\u00e8s le s\u00e9chage, le produit sera parfaitement fix\u00e9 au mur et pourra supporter une charge importante.<br \/>\nN\u2019oubliez pas de jeter un coup d\u2019\u0153il aux autres accessoires de salle de bains que Sagittarius One propose !<br \/>\nDimensions (L x P x H) (80 x 40 x 30) mm &#038; (3.15\u201d x 1.57\u201d x 1.18\u201d) pouces.<\/p>\n","protected":false},"excerpt":{"rendered":"<p>Sagittarius One est synonyme de haute qualit\u00e9. Notre vision est que nos designs modernes et notre haute qualit\u00e9 changeront le monde des sanitaires. Le porte-brosse \u00e0 dents Sagittarius One 30S1 concr\u00e9tise cette vision. Un produit haut de gamme qui est un r\u00e9gal pour les yeux. Cela est d\u00fb en partie \u00e0 l\u2019acier inoxydable d\u2019excellente qualit\u00e9 [&hellip;]<\/p>\n","protected":false},"featured_media":1912684,"comment_status":"closed","ping_status":"closed","template":"","meta":{"_acf_changed":false,"site-sidebar-layout":"default","site-content-layout":"default","ast-site-content-layout":"default","site-content-style":"default","site-sidebar-style":"default","ast-global-header-display":"","ast-banner-title-visibility":"","ast-main-header-display":"","ast-hfb-above-header-display":"","ast-hfb-below-header-display":"","ast-hfb-mobile-header-display":"","site-post-title":"","ast-breadcrumbs-content":"","ast-featured-img":"","footer-sml-layout":"","ast-disable-related-posts":"","theme-transparent-header-meta":"default","adv-header-id-meta":"","stick-header-meta":"default","header-above-stick-meta":"","header-main-stick-meta":"","header-below-stick-meta":"","astra-migrate-meta-layouts":"default","ast-page-background-enabled":"default","ast-page-background-meta":{"desktop":{"background-color":"var(--ast-global-color-4)","background-image":"","background-repeat":"repeat","background-position":"center center","background-size":"auto","background-attachment":"scroll","background-type":"","background-media":"","overlay-type":"","overlay-color":"","overlay-opacity":"","overlay-gradient":""},"tablet":{"background-color":"","background-image":"","background-repeat":"repeat","background-position":"center center","background-size":"auto","background-attachment":"scroll","background-type":"","background-media":"","overlay-type":"","overlay-color":"","overlay-opacity":"","overlay-gradient":""},"mobile":{"background-color":"","background-image":"","background-repeat":"repeat","background-position":"center center","background-size":"auto","background-attachment":"scroll","background-type":"","background-media":"","overlay-type":"","overlay-color":"","overlay-opacity":"","overlay-gradient":""}},"ast-content-background-meta":{"desktop":{"background-color":"var(--ast-global-color-5)","background-image":"","background-repeat":"repeat","background-position":"center center","background-size":"auto","background-attachment":"scroll","background-type":"","background-media":"","overlay-type":"","overlay-color":"","overlay-opacity":"","overlay-gradient":""},"tablet":{"background-color":"var(--ast-global-color-5)","background-image":"","background-repeat":"repeat","background-position":"center center","background-size":"auto","background-attachment":"scroll","background-type":"","background-media":"","overlay-type":"","overlay-color":"","overlay-opacity":"","overlay-gradient":""},"mobile":{"background-color":"var(--ast-global-color-5)","background-image":"","background-repeat":"repeat","background-position":"center center","background-size":"auto","background-attachment":"scroll","background-type":"","background-media":"","overlay-type":"","overlay-color":"","overlay-opacity":"","overlay-gradient":""}}},"product_brand":[],"product_cat":[135],"product_tag":[],"class_list":{"0":"post-182392","1":"product","2":"type-product","3":"status-publish","4":"has-post-thumbnail","6":"merk-sagittarius-one","7":"product_cat-shopping-fr","8":"pa_kleur-chrome-fr","9":"desktop-align-left","10":"tablet-align-left","11":"mobile-align-left","12":"ast-product-gallery-layout-horizontal-slider","13":"ast-magnify-disabled","14":"ast-product-tabs-layout-horizontal","16":"first","17":"instock","18":"taxable","19":"shipping-taxable","20":"purchasable","21":"product-type-simple"},"acf":[],"_links":{"self":[{"href":"https:\/\/sagittarius-one.com\/fr\/wp-json\/wp\/v2\/product\/182392","targetHints":{"allow":["GET"]}}],"collection":[{"href":"https:\/\/sagittarius-one.com\/fr\/wp-json\/wp\/v2\/product"}],"about":[{"href":"https:\/\/sagittarius-one.com\/fr\/wp-json\/wp\/v2\/types\/product"}],"replies":[{"embeddable":true,"href":"https:\/\/sagittarius-one.com\/fr\/wp-json\/wp\/v2\/comments?post=182392"}],"wp:featuredmedia":[{"embeddable":true,"href":"https:\/\/sagittarius-one.com\/fr\/wp-json\/wp\/v2\/media\/1912684"}],"wp:attachment":[{"href":"https:\/\/sagittarius-one.com\/fr\/wp-json\/wp\/v2\/media?parent=182392"}],"wp:term":[{"taxonomy":"product_brand","embeddable":true,"href":"https:\/\/sagittarius-one.com\/fr\/wp-json\/wp\/v2\/product_brand?post=182392"},{"taxonomy":"product_cat","embeddable":true,"href":"https:\/\/sagittarius-one.com\/fr\/wp-json\/wp\/v2\/product_cat?post=182392"},{"taxonomy":"product_tag","embeddable":true,"href":"https:\/\/sagittarius-one.com\/fr\/wp-json\/wp\/v2\/product_tag?post=182392"}],"curies":[{"name":"wp","href":"https:\/\/api.w.org\/{rel}","templated":true}]}}