{"id":182292,"date":"2023-04-19T13:55:21","date_gmt":"2023-04-19T13:55:21","guid":{"rendered":"https:\/\/sagittarius-one.com\/?post_type=product&#038;p=182292"},"modified":"2023-07-27T12:41:24","modified_gmt":"2023-07-27T12:41:24","slug":"sagittarius-one-25s1-handdouche-met-slang-chroom-2","status":"publish","type":"product","link":"https:\/\/sagittarius-one.com\/fr\/produit\/sagittarius-one-25s1-handdouche-met-slang-chroom-2\/","title":{"rendered":"Sagittarius One 25S1 Douchette Douche Salle De Bain"},"content":{"rendered":"<p>Sagittarius One est synonyme de haute qualit\u00e9.<br \/>\nL\u2019ensemble comprenant une pomme de douche \u00e0 main et un tuyau de Sagittarius One refl\u00e8te notre philosophie d\u2019offrir des produits haut de gamme \u00e0 un prix raisonnable.<\/p>\n<p>La pomme de douche est fabriqu\u00e9e en laiton de qualit\u00e9 sup\u00e9rieure avec une finition chrom\u00e9e. Les produits concurrentiels sont beaucoup plus chers, m\u00eame s\u2019ils sont fabriqu\u00e9s avec les m\u00eames mat\u00e9riaux sur un outillage similaire. En comparaison, chez Sagittarius One, nous offrons une qualit\u00e9 sup\u00e9rieure \u00e0 un prix attractif.<\/p>\n<p>L\u2019ensemble comprenant une pomme de douche et un tuyau est chrom\u00e9 pour donner \u00e0 votre salle de bains un \u00e9clat suppl\u00e9mentaire. La pomme de douche est livr\u00e9e avec un tuyau en PVC flexible et durable dans un ensemble \u00ab plug-and-play \u00bb qui s\u2019adapte \u00e0 tous les supports de pomme de douche de taille standard pour un maximum de commodit\u00e9. Le tuyau s\u2019adapte \u00e0 tous les mitigeurs thermostatiques de taille standard. Il s\u2019installe en quelques secondes\u2009!<\/p>\n<p>De plus, la pomme de douche \u00e0 main est dot\u00e9e de buses en silicone qui emp\u00eachent l\u2019accumulation de calcaire et vous garantissent une exp\u00e9rience de douche sans souci.<\/p>\n<p>C\u2019est l\u2019occasion r\u00eav\u00e9e d\u2019acheter votreexp\u00e9rience de douche sans tracas\u2009!<\/p>\n<p>N\u2019oubliez pas de jeter un coup d\u2019\u0153il \u00e0 tous les autres accessoires de salle de bains que Sagittarius One a \u00e0 offrir\u2009!<\/p>\n<p>Dimensions du produit (l x p x h) &#8211; (25 mm x 25 mm x 210 mm)<\/p>\n","protected":false},"excerpt":{"rendered":"<p>Sagittarius One est synonyme de haute qualit\u00e9. L\u2019ensemble comprenant une pomme de douche \u00e0 main et un tuyau de Sagittarius One refl\u00e8te notre philosophie d\u2019offrir des produits haut de gamme \u00e0 un prix raisonnable. La pomme de douche est fabriqu\u00e9e en laiton de qualit\u00e9 sup\u00e9rieure avec une finition chrom\u00e9e. Les produits concurrentiels sont beaucoup plus [&hellip;]<\/p>\n","protected":false},"featured_media":20468,"comment_status":"closed","ping_status":"closed","template":"","meta":{"_acf_changed":false,"site-sidebar-layout":"default","site-content-layout":"default","ast-site-content-layout":"default","site-content-style":"default","site-sidebar-style":"default","ast-global-header-display":"","ast-banner-title-visibility":"","ast-main-header-display":"","ast-hfb-above-header-display":"","ast-hfb-below-header-display":"","ast-hfb-mobile-header-display":"","site-post-title":"","ast-breadcrumbs-content":"","ast-featured-img":"","footer-sml-layout":"","ast-disable-related-posts":"","theme-transparent-header-meta":"default","adv-header-id-meta":"","stick-header-meta":"default","header-above-stick-meta":"","header-main-stick-meta":"","header-below-stick-meta":"","astra-migrate-meta-layouts":"default","ast-page-background-enabled":"default","ast-page-background-meta":{"desktop":{"background-color":"var(--ast-global-color-4)","background-image":"","background-repeat":"repeat","background-position":"center center","background-size":"auto","background-attachment":"scroll","background-type":"","background-media":"","overlay-type":"","overlay-color":"","overlay-opacity":"","overlay-gradient":""},"tablet":{"background-color":"","background-image":"","background-repeat":"repeat","background-position":"center center","background-size":"auto","background-attachment":"scroll","background-type":"","background-media":"","overlay-type":"","overlay-color":"","overlay-opacity":"","overlay-gradient":""},"mobile":{"background-color":"","background-image":"","background-repeat":"repeat","background-position":"center center","background-size":"auto","background-attachment":"scroll","background-type":"","background-media":"","overlay-type":"","overlay-color":"","overlay-opacity":"","overlay-gradient":""}},"ast-content-background-meta":{"desktop":{"background-color":"var(--ast-global-color-5)","background-image":"","background-repeat":"repeat","background-position":"center center","background-size":"auto","background-attachment":"scroll","background-type":"","background-media":"","overlay-type":"","overlay-color":"","overlay-opacity":"","overlay-gradient":""},"tablet":{"background-color":"var(--ast-global-color-5)","background-image":"","background-repeat":"repeat","background-position":"center center","background-size":"auto","background-attachment":"scroll","background-type":"","background-media":"","overlay-type":"","overlay-color":"","overlay-opacity":"","overlay-gradient":""},"mobile":{"background-color":"var(--ast-global-color-5)","background-image":"","background-repeat":"repeat","background-position":"center center","background-size":"auto","background-attachment":"scroll","background-type":"","background-media":"","overlay-type":"","overlay-color":"","overlay-opacity":"","overlay-gradient":""}}},"product_brand":[],"product_cat":[173,135],"product_tag":[],"class_list":{"0":"post-182292","1":"product","2":"type-product","3":"status-publish","4":"has-post-thumbnail","6":"product_cat-robinets","7":"product_cat-shopping-fr","8":"pa_kleur-chrome-fr","9":"desktop-align-left","10":"tablet-align-left","11":"mobile-align-left","12":"ast-product-gallery-layout-horizontal-slider","13":"ast-magnify-disabled","14":"ast-product-tabs-layout-horizontal","16":"first","17":"instock","18":"taxable","19":"shipping-taxable","20":"purchasable","21":"product-type-simple"},"acf":[],"_links":{"self":[{"href":"https:\/\/sagittarius-one.com\/fr\/wp-json\/wp\/v2\/product\/182292","targetHints":{"allow":["GET"]}}],"collection":[{"href":"https:\/\/sagittarius-one.com\/fr\/wp-json\/wp\/v2\/product"}],"about":[{"href":"https:\/\/sagittarius-one.com\/fr\/wp-json\/wp\/v2\/types\/product"}],"replies":[{"embeddable":true,"href":"https:\/\/sagittarius-one.com\/fr\/wp-json\/wp\/v2\/comments?post=182292"}],"wp:featuredmedia":[{"embeddable":true,"href":"https:\/\/sagittarius-one.com\/fr\/wp-json\/wp\/v2\/media\/20468"}],"wp:attachment":[{"href":"https:\/\/sagittarius-one.com\/fr\/wp-json\/wp\/v2\/media?parent=182292"}],"wp:term":[{"taxonomy":"product_brand","embeddable":true,"href":"https:\/\/sagittarius-one.com\/fr\/wp-json\/wp\/v2\/product_brand?post=182292"},{"taxonomy":"product_cat","embeddable":true,"href":"https:\/\/sagittarius-one.com\/fr\/wp-json\/wp\/v2\/product_cat?post=182292"},{"taxonomy":"product_tag","embeddable":true,"href":"https:\/\/sagittarius-one.com\/fr\/wp-json\/wp\/v2\/product_tag?post=182292"}],"curies":[{"name":"wp","href":"https:\/\/api.w.org\/{rel}","templated":true}]}}