{"id":189091,"date":"2023-04-19T13:55:50","date_gmt":"2023-04-19T13:55:50","guid":{"rendered":"https:\/\/sagittarius-one.com\/?post_type=product&#038;p=189091"},"modified":"2023-07-27T12:37:06","modified_gmt":"2023-07-27T12:37:06","slug":"sagittarius-one-400s1-handdoekrek-2-stangen-chroom-2","status":"publish","type":"product","link":"https:\/\/sagittarius-one.com\/de\/produkt\/sagittarius-one-400s1-handdoekrek-2-stangen-chroom-2\/","title":{"rendered":"Sagittarius One 400S1 Handtuchhalter Zweiarmig"},"content":{"rendered":"<p>Wir von Sagittarius One stehen f\u00fcr hochwertige Qualit\u00e4t.<\/p>\n<p>Unsere Vision besteht darin, die Sanit\u00e4rwelt mit unseren modernen Designs und unsere hochwertige Qualit\u00e4t zu ver\u00e4ndern. Der Handtuchhalter 400S1 von Sagittarius One steht f\u00fcr diese Vision.<\/p>\n<p>Ein Top-of-the-Line-Produkt, das zudem auch noch etwas f\u00fcr&#8217;s Auge ist. Das liegt auch am perfekt polierten, ausgezeichneten Qualit\u00e4tsedelstahl. Etwas anderes kommt uns n\u00e4mlich nicht ins Haus! Unser Ziel ist es immer, die hochwertige Qualit\u00e4t anzustreben, f\u00fcr die wir stehen. Um unsere Vision zu verwirklichen, muss unser Produkt \u00fcber ein straffes und modernes Design verf\u00fcgen, mit dem wir die Sanit\u00e4rwelt weltweit auf den Kopf stellen k\u00f6nnen! Dieses Produkt darf in keinem Badezimmer fehlen!<\/p>\n<p>Der Sagittarius One 400S1 Doppelter Handtuchhalter ist so konzipiert, dass er stark und stabil ist. Durch ein cleveres, aber elegantes Befestigungssystem wird der Handtuchhalter in Chromoptik fest in der gew\u00fcnschten Position an der Wand befestigt. Die Einheit f\u00fchlt sich in Ihren H\u00e4nden ziemlich schwer an, da sie f\u00fcr schwere nasse Handt\u00fccher ausgelegt ist. Der Edelstahl (304) ist zur Erzielung einer atemberaubenden Oberfl\u00e4che in Chromoptik, die ewig h\u00e4lt, perfekt poliert.<\/p>\n<p>Das elegante und moderne Design erlaubt es Ihnen, den Doppelhandtuchhalter 400S1 in Chromoptik fast \u00fcberall in Ihrem Wohnbereich einzusetzen. Als Handtuchhalter im Badezimmer, als Handtuchhalter f\u00fcr die K\u00fcche oder als Badetuchhalter.<\/p>\n<p>Nur zwei Schrauben sind n\u00f6tig, um den Halter an der Wand zu befestigen und den Doppelten Handtuchhalter 400S1 zu montieren, dank des cleveren Designs des Befestigungssystems. Nach der Installation sind keine Schrauben mehr sichtbar. Die Schrauben und D\u00fcbel sind im Lieferumfang enthalten.<\/p>\n<p>Schauen Sie sich unbedingt alle anderen Badezimmerzubeh\u00f6rteile an, die Sagittarius One zu bieten hat!<\/p>\n<p>Produktabmessungen (B &#8211; T &#8211; H) (400 x 153 x 70) mm &#038; (15,75&#8243; x 6,02&#8243; x 2,76&#8243;) Zoll.<\/p>\n","protected":false},"excerpt":{"rendered":"<p>Wir von Sagittarius One stehen f\u00fcr hochwertige Qualit\u00e4t. Unsere Vision besteht darin, die Sanit\u00e4rwelt mit unseren modernen Designs und unsere hochwertige Qualit\u00e4t zu ver\u00e4ndern. Der Handtuchhalter 400S1 von Sagittarius One steht f\u00fcr diese Vision. Ein Top-of-the-Line-Produkt, das zudem auch noch etwas f\u00fcr&#8217;s Auge ist. Das liegt auch am perfekt polierten, ausgezeichneten Qualit\u00e4tsedelstahl. Etwas anderes kommt [&hellip;]<\/p>\n","protected":false},"featured_media":2260,"comment_status":"closed","ping_status":"closed","template":"","meta":{"_acf_changed":false,"site-sidebar-layout":"default","site-content-layout":"default","ast-site-content-layout":"default","site-content-style":"default","site-sidebar-style":"default","ast-global-header-display":"","ast-banner-title-visibility":"","ast-main-header-display":"","ast-hfb-above-header-display":"","ast-hfb-below-header-display":"","ast-hfb-mobile-header-display":"","site-post-title":"","ast-breadcrumbs-content":"","ast-featured-img":"","footer-sml-layout":"","ast-disable-related-posts":"","theme-transparent-header-meta":"default","adv-header-id-meta":"","stick-header-meta":"default","header-above-stick-meta":"","header-main-stick-meta":"","header-below-stick-meta":"","astra-migrate-meta-layouts":"default","ast-page-background-enabled":"default","ast-page-background-meta":{"desktop":{"background-color":"var(--ast-global-color-4)","background-image":"","background-repeat":"repeat","background-position":"center center","background-size":"auto","background-attachment":"scroll","background-type":"","background-media":"","overlay-type":"","overlay-color":"","overlay-opacity":"","overlay-gradient":""},"tablet":{"background-color":"","background-image":"","background-repeat":"repeat","background-position":"center center","background-size":"auto","background-attachment":"scroll","background-type":"","background-media":"","overlay-type":"","overlay-color":"","overlay-opacity":"","overlay-gradient":""},"mobile":{"background-color":"","background-image":"","background-repeat":"repeat","background-position":"center center","background-size":"auto","background-attachment":"scroll","background-type":"","background-media":"","overlay-type":"","overlay-color":"","overlay-opacity":"","overlay-gradient":""}},"ast-content-background-meta":{"desktop":{"background-color":"var(--ast-global-color-5)","background-image":"","background-repeat":"repeat","background-position":"center center","background-size":"auto","background-attachment":"scroll","background-type":"","background-media":"","overlay-type":"","overlay-color":"","overlay-opacity":"","overlay-gradient":""},"tablet":{"background-color":"var(--ast-global-color-5)","background-image":"","background-repeat":"repeat","background-position":"center center","background-size":"auto","background-attachment":"scroll","background-type":"","background-media":"","overlay-type":"","overlay-color":"","overlay-opacity":"","overlay-gradient":""},"mobile":{"background-color":"var(--ast-global-color-5)","background-image":"","background-repeat":"repeat","background-position":"center center","background-size":"auto","background-attachment":"scroll","background-type":"","background-media":"","overlay-type":"","overlay-color":"","overlay-opacity":"","overlay-gradient":""}}},"product_brand":[],"product_cat":[102],"product_tag":[],"class_list":{"0":"post-189091","1":"product","2":"type-product","3":"status-publish","4":"has-post-thumbnail","6":"product_cat-einkaufen","7":"pa_kleur-chrom-de","8":"desktop-align-left","9":"tablet-align-left","10":"mobile-align-left","11":"ast-product-gallery-layout-horizontal-slider","12":"ast-magnify-disabled","13":"ast-product-tabs-layout-horizontal","15":"first","16":"instock","17":"taxable","18":"shipping-taxable","19":"purchasable","20":"product-type-simple"},"acf":[],"_links":{"self":[{"href":"https:\/\/sagittarius-one.com\/de\/wp-json\/wp\/v2\/product\/189091","targetHints":{"allow":["GET"]}}],"collection":[{"href":"https:\/\/sagittarius-one.com\/de\/wp-json\/wp\/v2\/product"}],"about":[{"href":"https:\/\/sagittarius-one.com\/de\/wp-json\/wp\/v2\/types\/product"}],"replies":[{"embeddable":true,"href":"https:\/\/sagittarius-one.com\/de\/wp-json\/wp\/v2\/comments?post=189091"}],"wp:featuredmedia":[{"embeddable":true,"href":"https:\/\/sagittarius-one.com\/de\/wp-json\/wp\/v2\/media\/2260"}],"wp:attachment":[{"href":"https:\/\/sagittarius-one.com\/de\/wp-json\/wp\/v2\/media?parent=189091"}],"wp:term":[{"taxonomy":"product_brand","embeddable":true,"href":"https:\/\/sagittarius-one.com\/de\/wp-json\/wp\/v2\/product_brand?post=189091"},{"taxonomy":"product_cat","embeddable":true,"href":"https:\/\/sagittarius-one.com\/de\/wp-json\/wp\/v2\/product_cat?post=189091"},{"taxonomy":"product_tag","embeddable":true,"href":"https:\/\/sagittarius-one.com\/de\/wp-json\/wp\/v2\/product_tag?post=189091"}],"curies":[{"name":"wp","href":"https:\/\/api.w.org\/{rel}","templated":true}]}}