{"id":1887191,"date":"2023-04-19T13:55:50","date_gmt":"2023-04-19T13:55:50","guid":{"rendered":"https:\/\/sagittarius-one.com\/?post_type=product&#038;p=1887191"},"modified":"2023-07-27T12:37:07","modified_gmt":"2023-07-27T12:37:07","slug":"sagittarius-one-400s1-handdoekstang-zwart-2","status":"publish","type":"product","link":"https:\/\/sagittarius-one.com\/de\/produkt\/sagittarius-one-400s1-handdoekstang-zwart-2\/","title":{"rendered":"Sagittarius One 400S1-B Handtuchhalter Einarmig 40cm"},"content":{"rendered":"<p>Wir von Sagittarius One stehen f\u00fcr hochwertige Qualit\u00e4t.<\/p>\n<p>Unsere Vision besteht darin, die Sanit\u00e4rwelt mit unseren modernen Designs und unsere hochwertige Qualit\u00e4t zu ver\u00e4ndern. Die Handtuchstange 400S1-B in Schwarz von Sagittarius One steht f\u00fcr diese Vision. Ein Top-of-the-Line-Produkt, das zudem auch noch etwas f\u00fcr&#8217;s Auge ist.<\/p>\n<p>Das liegt auch am perfekt schwarz beschichteten, ausgezeichneten Qualit\u00e4tsedelstahl. Etwas anderes kommt uns n\u00e4mlich nicht ins Haus! Unser Ziel ist es immer, die hochwertige Qualit\u00e4t anzustreben, f\u00fcr die wir stehen. Um unsere Vision zu verwirklichen, muss unser Produkt \u00fcber ein straffes und modernes Design verf\u00fcgen, mit dem wir die Sanit\u00e4rwelt weltweit auf den Kopf stellen k\u00f6nnen! Dieses Produkt darf in keinem Badezimmer fehlen!<\/p>\n<p>Die Handtuchstange 400S1-B in Schwarz von Sagittarius One ist auf St\u00e4rke und Robustheit ausgelegt, da der schwarze Handtuchhalter mit einem cleveren, aber eleganten Befestigungssystem in der gew\u00fcnschten Position an der Wand einrastet. Der Handtuchhalter f\u00fchlt sich in den H\u00e4nden schwer an &#8211; aber genau daf\u00fcr wurde er entworfen: n\u00e4mlich, damit er auch schwere Handt\u00fccher halten kann. Damit die sch\u00f6ne mattschwarze Oberfl\u00e4che ewig h\u00e4lt, haben wir den Handtuchhalter aus Edelstahl SUS304 elektrophoretisch beschichtet.<\/p>\n<p>Mit dem eleganten und zeitlosen Design kann sich der Handtuchhalter 400S1 von Sagittarius One an nahezu jeden Platz im Haushalt sehen lassen. Ganz gleich, ob im Bad oder in der K\u00fcche.<\/p>\n<p>Dank des clever designten Befestigungssystems braucht es f\u00fcr die Befestigung des Halters an der Wand nur zwei Schrauben, um den Handtuchhalter 400S1-B in Schwarz anzubringen. Schrauben und D\u00fcbel sind im Lieferumfang enthalten.<\/p>\n<p>Werfen Sie zudem doch auch einen Blick auf die anderen Badezimmeraccessoires, die Sagittarius One zu bieten hat!<\/p>\n<p>Produktabmessungen (L x B x H) (400 x 48 x 48) mm (15,75&#8243; x 1,9&#8243; x 1,9&#8243; Zoll).<\/p>\n","protected":false},"excerpt":{"rendered":"<p>Wir von Sagittarius One stehen f\u00fcr hochwertige Qualit\u00e4t. Unsere Vision besteht darin, die Sanit\u00e4rwelt mit unseren modernen Designs und unsere hochwertige Qualit\u00e4t zu ver\u00e4ndern. Die Handtuchstange 400S1-B in Schwarz von Sagittarius One steht f\u00fcr diese Vision. Ein Top-of-the-Line-Produkt, das zudem auch noch etwas f\u00fcr&#8217;s Auge ist. Das liegt auch am perfekt schwarz beschichteten, ausgezeichneten Qualit\u00e4tsedelstahl. [&hellip;]<\/p>\n","protected":false},"featured_media":2287,"comment_status":"closed","ping_status":"closed","template":"","meta":{"_acf_changed":false,"site-sidebar-layout":"default","site-content-layout":"default","ast-site-content-layout":"default","site-content-style":"default","site-sidebar-style":"default","ast-global-header-display":"","ast-banner-title-visibility":"","ast-main-header-display":"","ast-hfb-above-header-display":"","ast-hfb-below-header-display":"","ast-hfb-mobile-header-display":"","site-post-title":"","ast-breadcrumbs-content":"","ast-featured-img":"","footer-sml-layout":"","ast-disable-related-posts":"","theme-transparent-header-meta":"default","adv-header-id-meta":"","stick-header-meta":"default","header-above-stick-meta":"","header-main-stick-meta":"","header-below-stick-meta":"","astra-migrate-meta-layouts":"default","ast-page-background-enabled":"default","ast-page-background-meta":{"desktop":{"background-color":"var(--ast-global-color-4)","background-image":"","background-repeat":"repeat","background-position":"center center","background-size":"auto","background-attachment":"scroll","background-type":"","background-media":"","overlay-type":"","overlay-color":"","overlay-opacity":"","overlay-gradient":""},"tablet":{"background-color":"","background-image":"","background-repeat":"repeat","background-position":"center center","background-size":"auto","background-attachment":"scroll","background-type":"","background-media":"","overlay-type":"","overlay-color":"","overlay-opacity":"","overlay-gradient":""},"mobile":{"background-color":"","background-image":"","background-repeat":"repeat","background-position":"center center","background-size":"auto","background-attachment":"scroll","background-type":"","background-media":"","overlay-type":"","overlay-color":"","overlay-opacity":"","overlay-gradient":""}},"ast-content-background-meta":{"desktop":{"background-color":"var(--ast-global-color-5)","background-image":"","background-repeat":"repeat","background-position":"center center","background-size":"auto","background-attachment":"scroll","background-type":"","background-media":"","overlay-type":"","overlay-color":"","overlay-opacity":"","overlay-gradient":""},"tablet":{"background-color":"var(--ast-global-color-5)","background-image":"","background-repeat":"repeat","background-position":"center center","background-size":"auto","background-attachment":"scroll","background-type":"","background-media":"","overlay-type":"","overlay-color":"","overlay-opacity":"","overlay-gradient":""},"mobile":{"background-color":"var(--ast-global-color-5)","background-image":"","background-repeat":"repeat","background-position":"center center","background-size":"auto","background-attachment":"scroll","background-type":"","background-media":"","overlay-type":"","overlay-color":"","overlay-opacity":"","overlay-gradient":""}}},"product_brand":[],"product_cat":[102],"product_tag":[],"class_list":{"0":"post-1887191","1":"product","2":"type-product","3":"status-publish","4":"has-post-thumbnail","6":"product_cat-einkaufen","7":"pa_kleur-schwarz-de","8":"desktop-align-left","9":"tablet-align-left","10":"mobile-align-left","11":"ast-product-gallery-layout-horizontal-slider","12":"ast-magnify-disabled","13":"ast-product-tabs-layout-horizontal","15":"first","16":"instock","17":"taxable","18":"shipping-taxable","19":"purchasable","20":"product-type-simple"},"acf":[],"_links":{"self":[{"href":"https:\/\/sagittarius-one.com\/de\/wp-json\/wp\/v2\/product\/1887191","targetHints":{"allow":["GET"]}}],"collection":[{"href":"https:\/\/sagittarius-one.com\/de\/wp-json\/wp\/v2\/product"}],"about":[{"href":"https:\/\/sagittarius-one.com\/de\/wp-json\/wp\/v2\/types\/product"}],"replies":[{"embeddable":true,"href":"https:\/\/sagittarius-one.com\/de\/wp-json\/wp\/v2\/comments?post=1887191"}],"wp:featuredmedia":[{"embeddable":true,"href":"https:\/\/sagittarius-one.com\/de\/wp-json\/wp\/v2\/media\/2287"}],"wp:attachment":[{"href":"https:\/\/sagittarius-one.com\/de\/wp-json\/wp\/v2\/media?parent=1887191"}],"wp:term":[{"taxonomy":"product_brand","embeddable":true,"href":"https:\/\/sagittarius-one.com\/de\/wp-json\/wp\/v2\/product_brand?post=1887191"},{"taxonomy":"product_cat","embeddable":true,"href":"https:\/\/sagittarius-one.com\/de\/wp-json\/wp\/v2\/product_cat?post=1887191"},{"taxonomy":"product_tag","embeddable":true,"href":"https:\/\/sagittarius-one.com\/de\/wp-json\/wp\/v2\/product_tag?post=1887191"}],"curies":[{"name":"wp","href":"https:\/\/api.w.org\/{rel}","templated":true}]}}