{"id":187791,"date":"2023-04-19T13:55:38","date_gmt":"2023-04-19T13:55:38","guid":{"rendered":"https:\/\/sagittarius-one.com\/?post_type=product&#038;p=187791"},"modified":"2023-07-27T12:36:59","modified_gmt":"2023-07-27T12:36:59","slug":"sagittarius-one-270s1-handdoekrek-32cm-chroom-2","status":"publish","type":"product","link":"https:\/\/sagittarius-one.com\/de\/produkt\/sagittarius-one-270s1-handdoekrek-32cm-chroom-2\/","title":{"rendered":"Sagittarius One 270S1 Handtuchhalter Einarmig 32cm"},"content":{"rendered":"<p>Wir von Sagittarius One stehen f\u00fcr hochwertige Qualit\u00e4t.<\/p>\n<p>Unsere Vision besteht darin, die Sanit\u00e4rwelt mit unseren modernen Designs und unsere hochwertige Qualit\u00e4t zu ver\u00e4ndern. Der Handtuchhalter Sagittarius One 270S1 verk\u00f6rpert diese Vision.<\/p>\n<p>Ein Top-of-the-Line-Produkt, das zudem auch noch etwas f\u00fcr&#8217;s Auge ist. Das liegt unter anderem am perfekt verchromten, ausgezeichneten Qualit\u00e4tsmessing. Etwas anderes kommt uns n\u00e4mlich nicht ins Haus! Unser Ziel ist es immer, die hochwertige Qualit\u00e4t anzustreben, f\u00fcr die wir stehen. Um unsere Vision zu verwirklichen, muss unser Produkt \u00fcber ein straffes und modernes Design verf\u00fcgen, mit dem wir die Sanit\u00e4rwelt weltweit auf den Kopf stellen k\u00f6nnen! Dieses Produkt darf in keinem Badezimmer fehlen!<\/p>\n<p>Der Handtuchhalter Sagittarius One 270S1 hat ein modernes Design und ist zudem robust und stabil konstruiert. Der Handtuchhalter liegt schwer in der Hand. Das liegt daran, dass wir uns f\u00fcr Messing als Basismaterial entschieden haben.<\/p>\n<p>Dadurch ist es m\u00f6glich, auch schwere Handt\u00fccher aufzuh\u00e4ngen! Der Messing-Handtuchhalter wurde mit einer speziellen Chrombeschichtung versehen, um eine sch\u00f6ne gl\u00e4nzende Oberfl\u00e4che zu erzielen, die ewig h\u00e4lt. <\/p>\n<p>Durch sein elegantes und modernes Design kommt der Handtuchhalter 270S1 an vielen Pl\u00e4tzen in Ihrer Wohnung zu seinem Recht. Als Handtuchhalter im Badezimmer, als Handtuchhalter f\u00fcr die K\u00fcche oder als Badetuchhalter.<\/p>\n<p>Dank einer cleveren Konstruktion des Befestigungssystems werden nur zwei Schrauben ben\u00f6tigt, um den Halter f\u00fcr die Installation der Handtuchstange 270S1 an der Wand zu befestigen. Die Schrauben sind nach der Montage unsichtbar. Die Schrauben und D\u00fcbel sind im Lieferumfang enthalten.<\/p>\n<p>Werfen Sie zudem doch auch einen Blick auf die anderen Badezimmeraccessoires, die Sagittarius One zu bieten hat!<\/p>\n<p>Produktabmessungen (B x T x H) (320 x 85 x 50) mm &#038; (12.60\u201d x 3.35\u201d x 1.97\u201d) Zoll.<\/p>\n","protected":false},"excerpt":{"rendered":"<p>Wir von Sagittarius One stehen f\u00fcr hochwertige Qualit\u00e4t. Unsere Vision besteht darin, die Sanit\u00e4rwelt mit unseren modernen Designs und unsere hochwertige Qualit\u00e4t zu ver\u00e4ndern. Der Handtuchhalter Sagittarius One 270S1 verk\u00f6rpert diese Vision. Ein Top-of-the-Line-Produkt, das zudem auch noch etwas f\u00fcr&#8217;s Auge ist. Das liegt unter anderem am perfekt verchromten, ausgezeichneten Qualit\u00e4tsmessing. Etwas anderes kommt uns [&hellip;]<\/p>\n","protected":false},"featured_media":2080,"comment_status":"closed","ping_status":"closed","template":"","meta":{"_acf_changed":false,"site-sidebar-layout":"default","site-content-layout":"default","ast-site-content-layout":"default","site-content-style":"default","site-sidebar-style":"default","ast-global-header-display":"","ast-banner-title-visibility":"","ast-main-header-display":"","ast-hfb-above-header-display":"","ast-hfb-below-header-display":"","ast-hfb-mobile-header-display":"","site-post-title":"","ast-breadcrumbs-content":"","ast-featured-img":"","footer-sml-layout":"","ast-disable-related-posts":"","theme-transparent-header-meta":"default","adv-header-id-meta":"","stick-header-meta":"default","header-above-stick-meta":"","header-main-stick-meta":"","header-below-stick-meta":"","astra-migrate-meta-layouts":"default","ast-page-background-enabled":"default","ast-page-background-meta":{"desktop":{"background-color":"var(--ast-global-color-4)","background-image":"","background-repeat":"repeat","background-position":"center center","background-size":"auto","background-attachment":"scroll","background-type":"","background-media":"","overlay-type":"","overlay-color":"","overlay-opacity":"","overlay-gradient":""},"tablet":{"background-color":"","background-image":"","background-repeat":"repeat","background-position":"center center","background-size":"auto","background-attachment":"scroll","background-type":"","background-media":"","overlay-type":"","overlay-color":"","overlay-opacity":"","overlay-gradient":""},"mobile":{"background-color":"","background-image":"","background-repeat":"repeat","background-position":"center center","background-size":"auto","background-attachment":"scroll","background-type":"","background-media":"","overlay-type":"","overlay-color":"","overlay-opacity":"","overlay-gradient":""}},"ast-content-background-meta":{"desktop":{"background-color":"var(--ast-global-color-5)","background-image":"","background-repeat":"repeat","background-position":"center center","background-size":"auto","background-attachment":"scroll","background-type":"","background-media":"","overlay-type":"","overlay-color":"","overlay-opacity":"","overlay-gradient":""},"tablet":{"background-color":"var(--ast-global-color-5)","background-image":"","background-repeat":"repeat","background-position":"center center","background-size":"auto","background-attachment":"scroll","background-type":"","background-media":"","overlay-type":"","overlay-color":"","overlay-opacity":"","overlay-gradient":""},"mobile":{"background-color":"var(--ast-global-color-5)","background-image":"","background-repeat":"repeat","background-position":"center center","background-size":"auto","background-attachment":"scroll","background-type":"","background-media":"","overlay-type":"","overlay-color":"","overlay-opacity":"","overlay-gradient":""}}},"product_brand":[],"product_cat":[102],"product_tag":[162],"class_list":{"0":"post-187791","1":"product","2":"type-product","3":"status-publish","4":"has-post-thumbnail","6":"product_cat-einkaufen","7":"product_tag-270s1-serie-de","8":"pa_kleur-chrom-de","9":"desktop-align-left","10":"tablet-align-left","11":"mobile-align-left","12":"ast-product-gallery-layout-horizontal-slider","13":"ast-magnify-disabled","14":"ast-product-tabs-layout-horizontal","16":"first","17":"instock","18":"taxable","19":"shipping-taxable","20":"purchasable","21":"product-type-simple"},"acf":[],"_links":{"self":[{"href":"https:\/\/sagittarius-one.com\/de\/wp-json\/wp\/v2\/product\/187791","targetHints":{"allow":["GET"]}}],"collection":[{"href":"https:\/\/sagittarius-one.com\/de\/wp-json\/wp\/v2\/product"}],"about":[{"href":"https:\/\/sagittarius-one.com\/de\/wp-json\/wp\/v2\/types\/product"}],"replies":[{"embeddable":true,"href":"https:\/\/sagittarius-one.com\/de\/wp-json\/wp\/v2\/comments?post=187791"}],"wp:featuredmedia":[{"embeddable":true,"href":"https:\/\/sagittarius-one.com\/de\/wp-json\/wp\/v2\/media\/2080"}],"wp:attachment":[{"href":"https:\/\/sagittarius-one.com\/de\/wp-json\/wp\/v2\/media?parent=187791"}],"wp:term":[{"taxonomy":"product_brand","embeddable":true,"href":"https:\/\/sagittarius-one.com\/de\/wp-json\/wp\/v2\/product_brand?post=187791"},{"taxonomy":"product_cat","embeddable":true,"href":"https:\/\/sagittarius-one.com\/de\/wp-json\/wp\/v2\/product_cat?post=187791"},{"taxonomy":"product_tag","embeddable":true,"href":"https:\/\/sagittarius-one.com\/de\/wp-json\/wp\/v2\/product_tag?post=187791"}],"curies":[{"name":"wp","href":"https:\/\/api.w.org\/{rel}","templated":true}]}}