{"id":1841191,"date":"2023-04-19T13:55:26","date_gmt":"2023-04-19T13:55:26","guid":{"rendered":"https:\/\/sagittarius-one.com\/?post_type=product&#038;p=1841191"},"modified":"2023-07-27T12:37:10","modified_gmt":"2023-07-27T12:37:10","slug":"sagittarius-one-44s1-wastafelkraan-zwart-2","status":"publish","type":"product","link":"https:\/\/sagittarius-one.com\/de\/produkt\/sagittarius-one-44s1-wastafelkraan-zwart-2\/","title":{"rendered":"Sagittarius One 44S1-B Wasserhahn Bad"},"content":{"rendered":"<p>Wir von Sagittarius One stehen f\u00fcr hochwertige Qualit\u00e4t.<\/p>\n<p>Unsere Vision ist, dass unser modernes Design und unsere hohe Qualit\u00e4t die Sanit\u00e4rwelt ver\u00e4ndern werden. Die Badarmatur Sagittarius One 44S1-B verk\u00f6rpert diese Vision.<\/p>\n<p>Ein Top-of-the-Line-Produkt, das zudem auch noch etwas f\u00fcr&#8217;s Auge ist. Das liegt unter anderem am perfekt schwarz beschichteten, ausgezeichneten Qualit\u00e4tsmessing. Etwas anderes kommt uns n\u00e4mlich nicht ins Haus! Unser Ziel ist es immer, die hochwertige Qualit\u00e4t anzustreben, f\u00fcr die wir stehen. Um unsere Vision zu verwirklichen, muss unser Produkt \u00fcber ein straffes und modernes Design verf\u00fcgen, mit dem wir die Sanit\u00e4rwelt weltweit auf den Kopf stellen k\u00f6nnen! Dieses Produkt darf in keinem Badezimmer fehlen!<\/p>\n<p>Ein vom ber\u00fchmten Louvre in Paris inspiriertes Design und die Wahl hervorragender Materialien machen die Badarmatur 44S1-B von Sagittarius One zu einem echten Hingucker. Auf diese Weise versch\u00f6nern Sie Ihr Badezimmer nicht nur mit einem Wasserhahn, sondern zugleich mit einem pr\u00e4chtigen Designst\u00fcck.<\/p>\n<p>Die Badarmatur Sagittarius One 44S1-B hat nicht nur ein sch\u00f6nes Design, sondern ist auch von hoher Qualit\u00e4t und sorgt f\u00fcr optimale Hygiene!<\/p>\n<p>Das Geh\u00e4use ist aus Messing der G\u00fcteklasse A gefertigt und mit h\u00f6chster Pr\u00e4zision auf einer CNC-Maschine bearbeitet, um die klaren Linien bestm\u00f6glich zur Geltung zu bringen. Anschlie\u00dfend wird die Armatur mit einem sch\u00f6nen mattschwarzen Lack versehen, wodurch die Linien noch besser hervorgehoben werden.<\/p>\n<p>Als Kartusche haben wir uns f\u00fcr CITEC entschieden, das die besten Keramikkartuschen auf dem Markt herstellt. Diese Kartuschen sorgen daf\u00fcr, dass der Hebel leichtg\u00e4ngig \u00f6ffnet und schlie\u00dft und auch nach mehr als 500.000 Bet\u00e4tigungen nicht undicht wird. <\/p>\n<p>Au\u00dferdem verwenden wir einen Bel\u00fcfter der Schweizer Marke Neoperl. Dadurch wird ein optimaler Wasserfluss gew\u00e4hrleistet, so dass das Wasser nicht spritzt und die Ausbreitung von Bakterien wie u.a. Legionellen verhindert wird. <\/p>\n<p>Vergessen Sie nicht, einen Blick auf die anderen Badezimmer-Accessoires zu werfen, die Sagittarius One zu bieten hat!<\/p>\n<p>Produktabmessungen (B x T x H) (115 x 244 x 306) mm &#038; (4.53\u201c x 9.60\u201c x 12.05\u201c) Zoll.<\/p>\n","protected":false},"excerpt":{"rendered":"<p>Wir von Sagittarius One stehen f\u00fcr hochwertige Qualit\u00e4t. Unsere Vision ist, dass unser modernes Design und unsere hohe Qualit\u00e4t die Sanit\u00e4rwelt ver\u00e4ndern werden. Die Badarmatur Sagittarius One 44S1-B verk\u00f6rpert diese Vision. Ein Top-of-the-Line-Produkt, das zudem auch noch etwas f\u00fcr&#8217;s Auge ist. Das liegt unter anderem am perfekt schwarz beschichteten, ausgezeichneten Qualit\u00e4tsmessing. Etwas anderes kommt uns [&hellip;]<\/p>\n","protected":false},"featured_media":1997,"comment_status":"closed","ping_status":"closed","template":"","meta":{"_acf_changed":false,"site-sidebar-layout":"default","site-content-layout":"default","ast-site-content-layout":"default","site-content-style":"default","site-sidebar-style":"default","ast-global-header-display":"","ast-banner-title-visibility":"","ast-main-header-display":"","ast-hfb-above-header-display":"","ast-hfb-below-header-display":"","ast-hfb-mobile-header-display":"","site-post-title":"","ast-breadcrumbs-content":"","ast-featured-img":"","footer-sml-layout":"","ast-disable-related-posts":"","theme-transparent-header-meta":"default","adv-header-id-meta":"","stick-header-meta":"default","header-above-stick-meta":"","header-main-stick-meta":"","header-below-stick-meta":"","astra-migrate-meta-layouts":"default","ast-page-background-enabled":"default","ast-page-background-meta":{"desktop":{"background-color":"var(--ast-global-color-4)","background-image":"","background-repeat":"repeat","background-position":"center center","background-size":"auto","background-attachment":"scroll","background-type":"","background-media":"","overlay-type":"","overlay-color":"","overlay-opacity":"","overlay-gradient":""},"tablet":{"background-color":"","background-image":"","background-repeat":"repeat","background-position":"center center","background-size":"auto","background-attachment":"scroll","background-type":"","background-media":"","overlay-type":"","overlay-color":"","overlay-opacity":"","overlay-gradient":""},"mobile":{"background-color":"","background-image":"","background-repeat":"repeat","background-position":"center center","background-size":"auto","background-attachment":"scroll","background-type":"","background-media":"","overlay-type":"","overlay-color":"","overlay-opacity":"","overlay-gradient":""}},"ast-content-background-meta":{"desktop":{"background-color":"var(--ast-global-color-5)","background-image":"","background-repeat":"repeat","background-position":"center center","background-size":"auto","background-attachment":"scroll","background-type":"","background-media":"","overlay-type":"","overlay-color":"","overlay-opacity":"","overlay-gradient":""},"tablet":{"background-color":"var(--ast-global-color-5)","background-image":"","background-repeat":"repeat","background-position":"center center","background-size":"auto","background-attachment":"scroll","background-type":"","background-media":"","overlay-type":"","overlay-color":"","overlay-opacity":"","overlay-gradient":""},"mobile":{"background-color":"var(--ast-global-color-5)","background-image":"","background-repeat":"repeat","background-position":"center center","background-size":"auto","background-attachment":"scroll","background-type":"","background-media":"","overlay-type":"","overlay-color":"","overlay-opacity":"","overlay-gradient":""}}},"product_brand":[],"product_cat":[102],"product_tag":[],"class_list":{"0":"post-1841191","1":"product","2":"type-product","3":"status-publish","4":"has-post-thumbnail","6":"product_cat-einkaufen","7":"pa_kleur-schwarz-de","8":"desktop-align-left","9":"tablet-align-left","10":"mobile-align-left","11":"ast-product-gallery-layout-horizontal-slider","12":"ast-magnify-disabled","13":"ast-product-tabs-layout-horizontal","15":"first","16":"instock","17":"taxable","18":"shipping-taxable","19":"purchasable","20":"product-type-simple"},"acf":[],"_links":{"self":[{"href":"https:\/\/sagittarius-one.com\/de\/wp-json\/wp\/v2\/product\/1841191","targetHints":{"allow":["GET"]}}],"collection":[{"href":"https:\/\/sagittarius-one.com\/de\/wp-json\/wp\/v2\/product"}],"about":[{"href":"https:\/\/sagittarius-one.com\/de\/wp-json\/wp\/v2\/types\/product"}],"replies":[{"embeddable":true,"href":"https:\/\/sagittarius-one.com\/de\/wp-json\/wp\/v2\/comments?post=1841191"}],"wp:featuredmedia":[{"embeddable":true,"href":"https:\/\/sagittarius-one.com\/de\/wp-json\/wp\/v2\/media\/1997"}],"wp:attachment":[{"href":"https:\/\/sagittarius-one.com\/de\/wp-json\/wp\/v2\/media?parent=1841191"}],"wp:term":[{"taxonomy":"product_brand","embeddable":true,"href":"https:\/\/sagittarius-one.com\/de\/wp-json\/wp\/v2\/product_brand?post=1841191"},{"taxonomy":"product_cat","embeddable":true,"href":"https:\/\/sagittarius-one.com\/de\/wp-json\/wp\/v2\/product_cat?post=1841191"},{"taxonomy":"product_tag","embeddable":true,"href":"https:\/\/sagittarius-one.com\/de\/wp-json\/wp\/v2\/product_tag?post=1841191"}],"curies":[{"name":"wp","href":"https:\/\/api.w.org\/{rel}","templated":true}]}}